{"id":94,"date":"2021-09-28T14:35:16","date_gmt":"2021-09-28T12:35:16","guid":{"rendered":"http:\/\/www.ludiwolfi.com\/?page_id=94"},"modified":"2025-11-21T15:28:26","modified_gmt":"2025-11-21T14:28:26","slug":"reglement-interieur","status":"publish","type":"page","link":"https:\/\/www.ludiwolfi.com\/?page_id=94","title":{"rendered":"R\u00e8glement int\u00e9rieur"},"content":{"rendered":"\n<p><strong><u>REGLEMENT INTERIEUR<\/u><\/strong><\/p>\n\n\n\n<p><strong>&nbsp;&nbsp;&nbsp;&nbsp;&nbsp;&nbsp;&nbsp;&nbsp;&nbsp;&nbsp;&nbsp;&nbsp;&nbsp;&nbsp;&nbsp;&nbsp;&nbsp;&nbsp;&nbsp;&nbsp;ASSOCIATION&nbsp; LUDI WOLFI<\/strong><\/p>\n\n\n\n<p>Le pr\u00e9sent r\u00e8glement est disponible sur le site web, la page Facebook et\/ou sur demande \u00e9crite.<\/p>\n\n\n\n<p><strong>PREAMBULE&nbsp;:<\/strong><\/p>\n\n\n\n<p>LUDI WOLFI est une association r\u00e9gie par les articles 21 \u00e0 79-IV du Code Civil Local dont le si\u00e8ge se situe au 12 rue des cigognes 67202 Wolfisheim.<\/p>\n\n\n\n<p>&nbsp;LUDI WOLFI a pour vocation de partager de fa\u00e7on p\u00e9dagogique et ludique toute forme de jeux que ce soit jeux de soci\u00e9t\u00e9, jeux vid\u00e9o, jeux de r\u00f4les, jeux de carte \u00e0 vis\u00e9e des enfants et adultes.<\/p>\n\n\n\n<p>de transmettre l\u2019apprentissage de la cr\u00e9ation de jeux et de ses m\u00e9canismes que ce soient informatique, \u00e9lectronique ou manuel.<\/p>\n\n\n\n<p>ainsi que de mettre en place des \u00e9v\u00e8nements dans ce cadre et le pr\u00eat de jeux pour les membres de l\u2019association sur tous supports (jeux, consoles \u2026) faisant partie de l\u2019association.<\/p>\n\n\n\n<p>Toute propagande \u00e0 caract\u00e8re politique ou religieuse est interdite \u00e0 l\u2019int\u00e9rieur de l\u2019association.&nbsp;<\/p>\n\n\n\n<p>Le r\u00e8glement int\u00e9rieur est applicable \u00e0 toute personne physique ou morale devenue membre de l\u2019association ou pratiquant une activit\u00e9 dans les bureaux de l\u2019association.<\/p>\n\n\n\n<p><strong>Article 1&nbsp;: Modalit\u00e9s d\u2019adh\u00e9sion et cotisation<\/strong><\/p>\n\n\n\n<p>L\u2019adh\u00e9sion de base \u00e0 Ludi Wolfi donne droit \u00e0 l\u2019acc\u00e8s aux diff\u00e9rentes activit\u00e9s propos\u00e9es et couvre l\u2019assurance responsabilit\u00e9 civile obligatoire pour la pratique des activit\u00e9s au cours de l\u2019exercice concern\u00e9. Le nombre d\u2019activit\u00e9s auxquelles un adh\u00e9rent peut pr\u00e9tendre n\u2019est pas limit\u00e9.&nbsp;<\/p>\n\n\n\n<p>L\u2019adh\u00e9sion avec droit d\u2019emprunt donne droit \u00e0 l\u2019acc\u00e8s aux emprunts de jeux de soci\u00e9t\u00e9. Le nombre d\u2019emprunt est limit\u00e9&nbsp;2 jeux (comme stipul\u00e9 dans la page d\u2019emprunt ou le catalogue) par famille sur une p\u00e9riode couvrant un d\u00e9lai de 30 jours de pr\u00eat maximum, \u00e0 compter de la date de l\u2019emprunt.<\/p>\n\n\n\n<p>L\u2019adh\u00e9rent paye son adh\u00e9sion annuelle lors de son inscription s\u2019\u00e9talant ainsi de suite \u00e0 compter du paiement jusqu\u2019\u00e0 l\u2019ann\u00e9e suivante.&nbsp;L\u2019adh\u00e9sion donne droit de participer chaque ann\u00e9e \u00e0 l\u2019Assembl\u00e9e G\u00e9n\u00e9rale et d\u2019\u00e9lire les repr\u00e9sentants au bureau. Le montant de l\u2019adh\u00e9sion n\u2019est pas remboursable en cas d\u2019abandon ou de non venue aux \u00e9v\u00e8nements organis\u00e9s.<\/p>\n\n\n\n<p>Le montant de l\u2019adh\u00e9sion est fix\u00e9 annuellement par le Conseil d&#8217;Administration, pour la dur\u00e9e d\u2019un an. Elle est calcul\u00e9 de telle sorte que les co\u00fbts aff\u00e9rents \u00e0 chaque activit\u00e9 soient couverts et que l\u2019\u00e9quilibre du budget de Ludi Wolfi soit assur\u00e9.<strong>&nbsp;<\/strong><\/p>\n\n\n\n<p>Le montant des cotisations peut \u00eatre vers\u00e9s soit en esp\u00e8ces, soit par ch\u00e8que bancaire ou postal \u00e0 l\u2019ordre de LUDI WOLFI ou par virement (demander par \u00e9crit l\u2019IBAN)<\/p>\n\n\n\n<p><strong><u>Le montant des cotisations&nbsp;:<\/u><\/strong><\/p>\n\n\n\n<p>&#8211; 25 EUR pour une famille (entr\u00e9e festival annuel offerte + emprunt possible de 2 jeux par mois max, voir conditions Article 4)<\/p>\n\n\n\n<p>&#8211; 45 EUR pour un groupe (pas de caution si le groupe d\u00e9pend de tr\u00e9sorerie publique, aussi, un d\u00e9tail des jeux est transmis pour prise en charge du responsable du groupe si perte ou d\u00e9gradation des jeux emprunt\u00e9s)<\/p>\n\n\n\n<p>Cette cotisation est donc valable une ann\u00e9e durant.<\/p>\n\n\n\n<p><strong>Article 2&nbsp;: Absence<\/strong>&nbsp;<\/p>\n\n\n\n<p>Toute cotisation per\u00e7ue par l\u2019association ne pourra pas \u00eatre rembours\u00e9e en raison d\u2019absences ou d\u2019arr\u00eat de l\u2019adh\u00e9rent.<\/p>\n\n\n\n<p>En cas d\u2019absence d\u2019un animateur, nous mettons tout en \u0153uvre afin de pr\u00e9venir les participants dans les meilleurs d\u00e9lais. A cet effet, nous vous recommandons de nous communiquer, lors de votre inscription, un num\u00e9ro de t\u00e9l\u00e9phone et\/ou une adresse email<\/p>\n\n\n\n<p>L\u2019association avertira d\u2019une nouvelle date pour rattraper la s\u00e9ance perdue dans la semaine qui suit, sauf situation exceptionnelle (d\u00e9c\u00e8s, accident etc)<\/p>\n\n\n\n<p><strong>Article 3&nbsp;:&nbsp;Utilisation des locaux et du mat\u00e9riel<\/strong>&nbsp;<\/p>\n\n\n\n<p>L\u2019acc\u00e8s dans les salles est autoris\u00e9 uniquement lorsque l\u2019animateur est pr\u00e9sent.<\/p>\n\n\n\n<p>Le mat\u00e9riel utilis\u00e9, qu\u2019il appartienne ou non \u00e0 Ludi Wolfi sera rang\u00e9 \u00e0 l\u2019issue du d\u00e9roulement de l\u2019activit\u00e9 aussi, les adh\u00e9rents sont tenus d\u2019en prendre soin. En cas de d\u00e9t\u00e9rioration caus\u00e9e par la n\u00e9gligence ou l\u2019imprudence, sans rapport avec un usage normal, ou sans autorisation sp\u00e9cifique, les frais de r\u00e9paration ou de remplacement seront \u00e0 la charge de l\u2019utilisateur impliqu\u00e9. En aucun cas, le mat\u00e9riel ne doit sortir des locaux lors d\u2019une session mensuelle, sans l\u2019accord pr\u00e9alable de la direction.<\/p>\n\n\n\n<p>Les animateurs et les adh\u00e9rents de sont tenus de laisser les locaux en ordre et en \u00e9tat de propret\u00e9 \u00e0 la fin de chaque s\u00e9ance afin de permettre le bon d\u00e9roulement de l\u2019activit\u00e9 suivante. En cas de d\u00e9t\u00e9rioration des locaux caus\u00e9e par n\u00e9gligence, imprudence ou vandalisme, les frais de r\u00e9paration seront \u00e0 la charge du contrevenant.<\/p>\n\n\n\n<p>Les sorties de secours doivent rester d\u00e9gag\u00e9es et il est interdit de toucher au mat\u00e9riel de s\u00e9curit\u00e9 sauf en situation d\u2019urgence.<\/p>\n\n\n\n<p><strong>Article 4&nbsp;:&nbsp;Emprunt Mat\u00e9riel et Jeu<\/strong><strong><\/strong><\/p>\n\n\n\n<p>L\u2019acc\u00e8s aux emprunts est conditionn\u00e9 \u00e0 l\u2019adh\u00e9sion aupr\u00e8s de l\u2019association.<br>Les jeux sont pr\u00eat\u00e9s par un particulier dans le cadre d\u2019une convention de pr\u00eat et son catalogue est consultable en ligne et r\u00e9guli\u00e8rement mis \u00e0 jour. Celui-ci peut \u00eatre amen\u00e9e \u00e0 \u00eatre modifi\u00e9 suivant les stocks, disponibilit\u00e9s et nouveaut\u00e9s.<\/p>\n\n\n\n<p>Conditions d\u2019emprunt&nbsp;:<\/p>\n\n\n\n<ul class=\"wp-block-list\">\n<li>L\u2019emprunt d\u2019un jeu est r\u00e9serv\u00e9 aux adh\u00e9rents payant une cotisation annuelle<\/li>\n\n\n\n<li>Chaque adh\u00e9rent peut emprunter 1 \u00e0 2 jeux pour une p\u00e9riode maximale de 30 jours. Les emprunts sont soumis aux disponibilit\u00e9s.<\/li>\n\n\n\n<li>Le pr\u00eat peut \u00eatre renouvel\u00e9 si le(s) jeu(x) n\u2019a(ont) pas \u00e9t\u00e9 demand\u00e9(s) par un autre adh\u00e9rent<\/li>\n\n\n\n<li>Tout retard dans la restitution des jeux entra\u00eene une p\u00e9riode de six mois sans emprunt possible si l\u2019adh\u00e9rent n\u2019a pas pr\u00e9venu et obtenu un prolongement de l\u2019emprunt<\/li>\n\n\n\n<li>Les jeux non restitu\u00e9s apr\u00e8s l&#8217;envoi de 2 lettres de rappel seront r\u00e9clam\u00e9s par toute voie de droit<\/li>\n\n\n\n<li>L&#8217;usager est responsable des jeux emprunt\u00e9s. La d\u00e9t\u00e9rioration totale ou la perte d&#8217;un jeu appartenant \u00e0 l\u2019association entra\u00eene le remboursement du prix de celui- ci. Les parents ou les tuteurs l\u00e9gaux des mineurs sont responsables des jeux emprunt\u00e9s par les enfants dont ils ont la charge.<\/li>\n\n\n\n<li>Un emprunt sera possible apr\u00e8s avoir d\u00e9pos\u00e9 un ch\u00e8que de caution d\u2019une valeur de 50 Euros (non encaiss\u00e9) pour pallier aux d\u00e9t\u00e9riorations volontaires et involontaires et aux pertes d\u2019\u00e9l\u00e9ments. Le montant des r\u00e9parations (s\u2019ils sont possibles) du remplacement des pi\u00e8ces ou du rachat int\u00e9gral du jeu est \u00e0 la charge de l\u2019adh\u00e9rent et sera pr\u00e9lev\u00e9 sur le ch\u00e8que de caution ou sera factur\u00e9 directement selon la somme.<\/li>\n\n\n\n<li>Avec chaque emprunt un mail de pr\u00eat sera envoy\u00e9 \u00a0\u00e0 l\u2019adh\u00e9rent (apr\u00e8s v\u00e9rification du mat\u00e9riel) et un mail de retour sera \u00e9galement transmis au retour de l\u2019emprunt apr\u00e8s v\u00e9rification par l\u2019animateur ou la direction du mat\u00e9riel restitu\u00e9.<\/li>\n<\/ul>\n\n\n\n<p>&nbsp;<strong>Article 5&nbsp;: Les activit\u00e9s et les horaires<\/strong><\/p>\n\n\n\n<p>Les jours et horaires des diff\u00e9rentes activit\u00e9s seront publi\u00e9s sur le Facebook ainsi que sur le site de Ludi Wolfi ou sur les diff\u00e9rents supports num\u00e9riques.<\/p>\n\n\n\n<p>La direction peut \u00eatre amen\u00e9e \u00e0 modifier les horaires annonc\u00e9s ainsi que le lieu des s\u00e9ances (la salle d\u00e9pend du pr\u00eat par la commune de Wolfisheim et l\u2019association est d\u00e9pendante de la commune pour le local), mais une information de ces changements sera mis en ligne.<\/p>\n\n\n\n<p><strong>Article 6&nbsp;: La s\u00e9curit\u00e9<\/strong><\/p>\n\n\n\n<p>La Municipalit\u00e9 de Wolfisheim met \u00e0 disposition de l\u2019association, des locaux pour les sessions ainsi que tables, chaises et cuisine. La Direction et l\u2019Association ont la responsabilit\u00e9 de la s\u00e9curit\u00e9 des personnes qui y \u0153uvrent ou qui le fr\u00e9quentent.<\/p>\n\n\n\n<p>Les dispositions n\u00e9cessaires \u00e0 la s\u00e9curit\u00e9 des lieux et des personnes s\u2019imposent \u00e0 tous.&nbsp;<\/p>\n\n\n\n<p>Les acc\u00e8s du b\u00e2timent doivent demeurer libres, de m\u00eame que les couloirs et sorties de secours doivent demeurer \u00e9galement libres de tout encombrement.<\/p>\n\n\n\n<p>Les parents doivent accompagner leurs enfants de moins de 10 ans.<\/p>\n\n\n\n<p><strong>Article 7&nbsp;: Assurance, responsabilit\u00e9 civile, vols<\/strong><\/p>\n\n\n\n<p>La responsabilit\u00e9 de&nbsp;Ludi Wolfi n\u2019est engag\u00e9e que pendant la dur\u00e9e des activit\u00e9s et des manifestations qu\u2019elle organise.&nbsp;<\/p>\n\n\n\n<p>Seule la qualit\u00e9 d\u2019adh\u00e9rent permet de b\u00e9n\u00e9ficier de l\u2019assurance en responsabilit\u00e9 civile souscrite par Ludi Wolfi \u00e0 l\u2019\u00e9gard des personnes et des biens.<\/p>\n\n\n\n<p>Ludi Wolfi d\u00e9cline toute responsabilit\u00e9 vis-\u00e0-vis des personnes qui ne seraient pas \u00e0 jour de leurs cotisations.&nbsp;<\/p>\n\n\n\n<p>Il est rappel\u00e9 aux parents que Ludi Wolfi est responsable de la s\u00e9curit\u00e9 des lieux pendant les activit\u00e9s et non pas responsable des enfants.<\/p>\n\n\n\n<p>Ludi Wolfi se trouvant dans un lieu public, les usagers sont responsables de leurs affaires personnelles. L\u2019Association n\u2019est pas responsable des vols et d\u00e9t\u00e9riorations qui s\u2019y produiraient.&nbsp;<\/p>\n\n\n\n<p>L\u2019association est d\u00e9gag\u00e9e de toute responsabilit\u00e9 \u00e0 l&#8217;\u00e9gard des adh\u00e9rents et usagers qui ne respecteraient pas les dispositions du pr\u00e9sent r\u00e8glement.&nbsp;<\/p>\n\n\n\n<p><strong>Article 8&nbsp;: interdictions et proc\u00e9dures disciplinaires<\/strong><\/p>\n\n\n\n<p>Tout adh\u00e9rent se livrant \u00e0 des d\u00e9gradations ou ayant un comportement ne respectant pas la collectivit\u00e9 (menaces, injures, s\u00e9vices ou voies de fait, etc.) et les biens sera imm\u00e9diatement exclu de Ludi Wolfi.<\/p>\n\n\n\n<p>De m\u00eame, si un constat de non-respect grave du r\u00e8glement int\u00e9rieur est \u00e9tabli, il appartient au Pr\u00e9sident de r\u00e9unir d&#8217;urgence le Bureau de l\u2019association pour prendre les mesures conservatoires qui s&#8217;imposent et qui peuvent aller jusqu&#8217;\u00e0 l\u2019exclusion.<strong>&nbsp;<\/strong><\/p>\n\n\n\n<p>Selon la loi, il est strictement interdit de fumer dans les locaux. La consommation d\u2019alcool est soumise \u00e0 la l\u00e9gislation en vigueur, l\u2019association n\u2019a pas de licence. L\u2019alcool est prohib\u00e9 pour les mineurs.<\/p>\n\n\n\n<p>Chacun est responsable de ses actes.&nbsp;<\/p>\n\n\n\n<p>Il est interdit d\u2019entrer ou de demeurer dans les locaux en \u00e9tat d\u2019ivresse ou sous l\u2019emprise de drogues illicites.<\/p>\n\n\n\n<p>En cas de manquement caract\u00e9ris\u00e9 aux r\u00e8gles de la biens\u00e9ance ou d\u2019inobservation du pr\u00e9sent r\u00e8glement ou des statuts, la direction est en droit de prononcer des sanctions \u00e0 l\u2019encontre d\u2019un adh\u00e9rent ou d\u2019un autre membre, sous r\u00e9serve d\u2019appel non suspensif devant le Conseil d\u2019administration. Elles pourront \u00eatre&nbsp;:<br>&#8211; lettre d\u2019avertissement,<br>&#8211; &nbsp;renvoi temporaire,<br>&#8211; radiation<br>avec conservation du montant de l\u2019adh\u00e9sion<\/p>\n\n\n\n<p>&nbsp;Toutes ces d\u00e9cisions seront notifi\u00e9es aux parents quand elles concernent un mineur.<\/p>\n\n\n\n<p>En cas de renvoi, les adh\u00e9sions et les cotisations vers\u00e9es par l\u2019adh\u00e9rent restent acquises \u00e0 l\u2019association.<\/p>\n\n\n\n<p>Fait \u00e0 Wolfisheim \u2013 novembre 2025 v4<\/p>\n<div class=\"pvc_clear\"><\/div><p id=\"pvc_stats_94\" class=\"pvc_stats all  \" data-element-id=\"94\" style=\"\"><i class=\"pvc-stats-icon medium\" aria-hidden=\"true\"><svg aria-hidden=\"true\" focusable=\"false\" data-prefix=\"far\" data-icon=\"chart-bar\" role=\"img\" xmlns=\"http:\/\/www.w3.org\/2000\/svg\" viewBox=\"0 0 512 512\" class=\"svg-inline--fa fa-chart-bar fa-w-16 fa-2x\"><path fill=\"currentColor\" d=\"M396.8 352h22.4c6.4 0 12.8-6.4 12.8-12.8V108.8c0-6.4-6.4-12.8-12.8-12.8h-22.4c-6.4 0-12.8 6.4-12.8 12.8v230.4c0 6.4 6.4 12.8 12.8 12.8zm-192 0h22.4c6.4 0 12.8-6.4 12.8-12.8V140.8c0-6.4-6.4-12.8-12.8-12.8h-22.4c-6.4 0-12.8 6.4-12.8 12.8v198.4c0 6.4 6.4 12.8 12.8 12.8zm96 0h22.4c6.4 0 12.8-6.4 12.8-12.8V204.8c0-6.4-6.4-12.8-12.8-12.8h-22.4c-6.4 0-12.8 6.4-12.8 12.8v134.4c0 6.4 6.4 12.8 12.8 12.8zM496 400H48V80c0-8.84-7.16-16-16-16H16C7.16 64 0 71.16 0 80v336c0 17.67 14.33 32 32 32h464c8.84 0 16-7.16 16-16v-16c0-8.84-7.16-16-16-16zm-387.2-48h22.4c6.4 0 12.8-6.4 12.8-12.8v-70.4c0-6.4-6.4-12.8-12.8-12.8h-22.4c-6.4 0-12.8 6.4-12.8 12.8v70.4c0 6.4 6.4 12.8 12.8 12.8z\" class=\"\"><\/path><\/svg><\/i> <img loading=\"lazy\" decoding=\"async\" width=\"16\" height=\"16\" alt=\"Loading\" src=\"https:\/\/www.ludiwolfi.com\/wp-content\/plugins\/page-views-count\/ajax-loader-2x.gif\" border=0 \/><\/p><div class=\"pvc_clear\"><\/div>","protected":false},"excerpt":{"rendered":"<p>REGLEMENT INTERIEUR &nbsp;&nbsp;&nbsp;&nbsp;&nbsp;&nbsp;&nbsp;&nbsp;&nbsp;&nbsp;&nbsp;&nbsp;&nbsp;&nbsp;&nbsp;&nbsp;&nbsp;&nbsp;&nbsp;&nbsp;ASSOCIATION&nbsp; LUDI WOLFI Le pr\u00e9sent r\u00e8glement est disponible sur le site web, la page Facebook et\/ou sur demande \u00e9crite. PREAMBULE&nbsp;: LUDI WOLFI est une association r\u00e9gie par les articles 21 \u00e0 79-IV du Code Civil Local dont le si\u00e8ge se situe au 12 rue des cigognes 67202 Wolfisheim. &nbsp;LUDI WOLFI a pour vocation [&hellip;]<\/p>\n<div class=\"pvc_clear\"><\/div>\n<p id=\"pvc_stats_94\" class=\"pvc_stats all  \" data-element-id=\"94\" style=\"\"><i class=\"pvc-stats-icon medium\" aria-hidden=\"true\"><svg aria-hidden=\"true\" focusable=\"false\" data-prefix=\"far\" data-icon=\"chart-bar\" role=\"img\" xmlns=\"http:\/\/www.w3.org\/2000\/svg\" viewBox=\"0 0 512 512\" class=\"svg-inline--fa fa-chart-bar fa-w-16 fa-2x\"><path fill=\"currentColor\" d=\"M396.8 352h22.4c6.4 0 12.8-6.4 12.8-12.8V108.8c0-6.4-6.4-12.8-12.8-12.8h-22.4c-6.4 0-12.8 6.4-12.8 12.8v230.4c0 6.4 6.4 12.8 12.8 12.8zm-192 0h22.4c6.4 0 12.8-6.4 12.8-12.8V140.8c0-6.4-6.4-12.8-12.8-12.8h-22.4c-6.4 0-12.8 6.4-12.8 12.8v198.4c0 6.4 6.4 12.8 12.8 12.8zm96 0h22.4c6.4 0 12.8-6.4 12.8-12.8V204.8c0-6.4-6.4-12.8-12.8-12.8h-22.4c-6.4 0-12.8 6.4-12.8 12.8v134.4c0 6.4 6.4 12.8 12.8 12.8zM496 400H48V80c0-8.84-7.16-16-16-16H16C7.16 64 0 71.16 0 80v336c0 17.67 14.33 32 32 32h464c8.84 0 16-7.16 16-16v-16c0-8.84-7.16-16-16-16zm-387.2-48h22.4c6.4 0 12.8-6.4 12.8-12.8v-70.4c0-6.4-6.4-12.8-12.8-12.8h-22.4c-6.4 0-12.8 6.4-12.8 12.8v70.4c0 6.4 6.4 12.8 12.8 12.8z\" class=\"\"><\/path><\/svg><\/i> <img loading=\"lazy\" decoding=\"async\" width=\"16\" height=\"16\" alt=\"Loading\" src=\"https:\/\/www.ludiwolfi.com\/wp-content\/plugins\/page-views-count\/ajax-loader-2x.gif\" border=0 \/><\/p>\n<div class=\"pvc_clear\"><\/div>\n","protected":false},"author":1,"featured_media":0,"parent":0,"menu_order":0,"comment_status":"closed","ping_status":"closed","template":"","meta":{"footnotes":""},"class_list":["post-94","page","type-page","status-publish","hentry"],"a3_pvc":{"activated":true,"total_views":1008,"today_views":0},"yoast_head":"<!-- This site is optimized with the Yoast SEO plugin v27.5 - https:\/\/yoast.com\/product\/yoast-seo-wordpress\/ -->\n<title>R\u00e8glement int\u00e9rieur - Ludi Wolfi<\/title>\n<meta name=\"description\" content=\"LUDI WOLFI association de Wolfisheim pour la pratique des jeux sur tous supports (jeux de soci\u00e9t\u00e9, jeux vid\u00e9os, cartes ..)\" \/>\n<meta name=\"robots\" content=\"index, follow, max-snippet:-1, max-image-preview:large, max-video-preview:-1\" \/>\n<link rel=\"canonical\" href=\"https:\/\/www.ludiwolfi.com\/?page_id=94\" \/>\n<meta property=\"og:locale\" content=\"fr_FR\" \/>\n<meta property=\"og:type\" content=\"article\" \/>\n<meta property=\"og:title\" content=\"R\u00e8glement int\u00e9rieur - Ludi Wolfi\" \/>\n<meta property=\"og:description\" content=\"LUDI WOLFI association de Wolfisheim pour la pratique des jeux sur tous supports (jeux de soci\u00e9t\u00e9, jeux vid\u00e9os, cartes ..)\" \/>\n<meta property=\"og:url\" content=\"https:\/\/www.ludiwolfi.com\/?page_id=94\" \/>\n<meta property=\"og:site_name\" content=\"Ludi Wolfi\" \/>\n<meta property=\"article:publisher\" content=\"https:\/\/www.facebook.com\/profile.php?id=100072170828127\" \/>\n<meta property=\"article:modified_time\" content=\"2025-11-21T14:28:26+00:00\" \/>\n<meta name=\"twitter:card\" content=\"summary_large_image\" \/>\n<meta name=\"twitter:label1\" content=\"Dur\u00e9e de lecture estim\u00e9e\" \/>\n\t<meta name=\"twitter:data1\" content=\"8 minutes\" \/>\n<script type=\"application\/ld+json\" class=\"yoast-schema-graph\">{\"@context\":\"https:\\\/\\\/schema.org\",\"@graph\":[{\"@type\":\"WebPage\",\"@id\":\"https:\\\/\\\/www.ludiwolfi.com\\\/?page_id=94\",\"url\":\"https:\\\/\\\/www.ludiwolfi.com\\\/?page_id=94\",\"name\":\"R\u00e8glement int\u00e9rieur - Ludi Wolfi\",\"isPartOf\":{\"@id\":\"https:\\\/\\\/www.ludiwolfi.com\\\/#website\"},\"datePublished\":\"2021-09-28T12:35:16+00:00\",\"dateModified\":\"2025-11-21T14:28:26+00:00\",\"description\":\"LUDI WOLFI association de Wolfisheim pour la pratique des jeux sur tous supports (jeux de soci\u00e9t\u00e9, jeux vid\u00e9os, cartes ..)\",\"breadcrumb\":{\"@id\":\"https:\\\/\\\/www.ludiwolfi.com\\\/?page_id=94#breadcrumb\"},\"inLanguage\":\"fr-FR\",\"potentialAction\":[{\"@type\":\"ReadAction\",\"target\":[\"https:\\\/\\\/www.ludiwolfi.com\\\/?page_id=94\"]}]},{\"@type\":\"BreadcrumbList\",\"@id\":\"https:\\\/\\\/www.ludiwolfi.com\\\/?page_id=94#breadcrumb\",\"itemListElement\":[{\"@type\":\"ListItem\",\"position\":1,\"name\":\"Accueil\",\"item\":\"https:\\\/\\\/www.ludiwolfi.com\\\/\"},{\"@type\":\"ListItem\",\"position\":2,\"name\":\"R\u00e8glement int\u00e9rieur\"}]},{\"@type\":\"WebSite\",\"@id\":\"https:\\\/\\\/www.ludiwolfi.com\\\/#website\",\"url\":\"https:\\\/\\\/www.ludiwolfi.com\\\/\",\"name\":\"Ludi Wolfi\",\"description\":\"L&#039;association culturelle de WOLFSIHEIM\",\"publisher\":{\"@id\":\"https:\\\/\\\/www.ludiwolfi.com\\\/#organization\"},\"potentialAction\":[{\"@type\":\"SearchAction\",\"target\":{\"@type\":\"EntryPoint\",\"urlTemplate\":\"https:\\\/\\\/www.ludiwolfi.com\\\/?s={search_term_string}\"},\"query-input\":{\"@type\":\"PropertyValueSpecification\",\"valueRequired\":true,\"valueName\":\"search_term_string\"}}],\"inLanguage\":\"fr-FR\"},{\"@type\":\"Organization\",\"@id\":\"https:\\\/\\\/www.ludiwolfi.com\\\/#organization\",\"name\":\"LUDI WOLFI\",\"url\":\"https:\\\/\\\/www.ludiwolfi.com\\\/\",\"logo\":{\"@type\":\"ImageObject\",\"inLanguage\":\"fr-FR\",\"@id\":\"https:\\\/\\\/www.ludiwolfi.com\\\/#\\\/schema\\\/logo\\\/image\\\/\",\"url\":\"http:\\\/\\\/www.ludiwolfi.com\\\/wp-content\\\/uploads\\\/2021\\\/09\\\/cropped-thumbnail_01.jpg\",\"contentUrl\":\"http:\\\/\\\/www.ludiwolfi.com\\\/wp-content\\\/uploads\\\/2021\\\/09\\\/cropped-thumbnail_01.jpg\",\"width\":512,\"height\":512,\"caption\":\"LUDI WOLFI\"},\"image\":{\"@id\":\"https:\\\/\\\/www.ludiwolfi.com\\\/#\\\/schema\\\/logo\\\/image\\\/\"},\"sameAs\":[\"https:\\\/\\\/www.facebook.com\\\/profile.php?id=100072170828127\"]}]}<\/script>\n<!-- \/ Yoast SEO plugin. -->","yoast_head_json":{"title":"R\u00e8glement int\u00e9rieur - Ludi Wolfi","description":"LUDI WOLFI association de Wolfisheim pour la pratique des jeux sur tous supports (jeux de soci\u00e9t\u00e9, jeux vid\u00e9os, cartes ..)","robots":{"index":"index","follow":"follow","max-snippet":"max-snippet:-1","max-image-preview":"max-image-preview:large","max-video-preview":"max-video-preview:-1"},"canonical":"https:\/\/www.ludiwolfi.com\/?page_id=94","og_locale":"fr_FR","og_type":"article","og_title":"R\u00e8glement int\u00e9rieur - Ludi Wolfi","og_description":"LUDI WOLFI association de Wolfisheim pour la pratique des jeux sur tous supports (jeux de soci\u00e9t\u00e9, jeux vid\u00e9os, cartes ..)","og_url":"https:\/\/www.ludiwolfi.com\/?page_id=94","og_site_name":"Ludi Wolfi","article_publisher":"https:\/\/www.facebook.com\/profile.php?id=100072170828127","article_modified_time":"2025-11-21T14:28:26+00:00","twitter_card":"summary_large_image","twitter_misc":{"Dur\u00e9e de lecture estim\u00e9e":"8 minutes"},"schema":{"@context":"https:\/\/schema.org","@graph":[{"@type":"WebPage","@id":"https:\/\/www.ludiwolfi.com\/?page_id=94","url":"https:\/\/www.ludiwolfi.com\/?page_id=94","name":"R\u00e8glement int\u00e9rieur - Ludi Wolfi","isPartOf":{"@id":"https:\/\/www.ludiwolfi.com\/#website"},"datePublished":"2021-09-28T12:35:16+00:00","dateModified":"2025-11-21T14:28:26+00:00","description":"LUDI WOLFI association de Wolfisheim pour la pratique des jeux sur tous supports (jeux de soci\u00e9t\u00e9, jeux vid\u00e9os, cartes ..)","breadcrumb":{"@id":"https:\/\/www.ludiwolfi.com\/?page_id=94#breadcrumb"},"inLanguage":"fr-FR","potentialAction":[{"@type":"ReadAction","target":["https:\/\/www.ludiwolfi.com\/?page_id=94"]}]},{"@type":"BreadcrumbList","@id":"https:\/\/www.ludiwolfi.com\/?page_id=94#breadcrumb","itemListElement":[{"@type":"ListItem","position":1,"name":"Accueil","item":"https:\/\/www.ludiwolfi.com\/"},{"@type":"ListItem","position":2,"name":"R\u00e8glement int\u00e9rieur"}]},{"@type":"WebSite","@id":"https:\/\/www.ludiwolfi.com\/#website","url":"https:\/\/www.ludiwolfi.com\/","name":"Ludi Wolfi","description":"L&#039;association culturelle de WOLFSIHEIM","publisher":{"@id":"https:\/\/www.ludiwolfi.com\/#organization"},"potentialAction":[{"@type":"SearchAction","target":{"@type":"EntryPoint","urlTemplate":"https:\/\/www.ludiwolfi.com\/?s={search_term_string}"},"query-input":{"@type":"PropertyValueSpecification","valueRequired":true,"valueName":"search_term_string"}}],"inLanguage":"fr-FR"},{"@type":"Organization","@id":"https:\/\/www.ludiwolfi.com\/#organization","name":"LUDI WOLFI","url":"https:\/\/www.ludiwolfi.com\/","logo":{"@type":"ImageObject","inLanguage":"fr-FR","@id":"https:\/\/www.ludiwolfi.com\/#\/schema\/logo\/image\/","url":"http:\/\/www.ludiwolfi.com\/wp-content\/uploads\/2021\/09\/cropped-thumbnail_01.jpg","contentUrl":"http:\/\/www.ludiwolfi.com\/wp-content\/uploads\/2021\/09\/cropped-thumbnail_01.jpg","width":512,"height":512,"caption":"LUDI WOLFI"},"image":{"@id":"https:\/\/www.ludiwolfi.com\/#\/schema\/logo\/image\/"},"sameAs":["https:\/\/www.facebook.com\/profile.php?id=100072170828127"]}]}},"_links":{"self":[{"href":"https:\/\/www.ludiwolfi.com\/index.php?rest_route=\/wp\/v2\/pages\/94","targetHints":{"allow":["GET"]}}],"collection":[{"href":"https:\/\/www.ludiwolfi.com\/index.php?rest_route=\/wp\/v2\/pages"}],"about":[{"href":"https:\/\/www.ludiwolfi.com\/index.php?rest_route=\/wp\/v2\/types\/page"}],"author":[{"embeddable":true,"href":"https:\/\/www.ludiwolfi.com\/index.php?rest_route=\/wp\/v2\/users\/1"}],"replies":[{"embeddable":true,"href":"https:\/\/www.ludiwolfi.com\/index.php?rest_route=%2Fwp%2Fv2%2Fcomments&post=94"}],"version-history":[{"count":4,"href":"https:\/\/www.ludiwolfi.com\/index.php?rest_route=\/wp\/v2\/pages\/94\/revisions"}],"predecessor-version":[{"id":1027,"href":"https:\/\/www.ludiwolfi.com\/index.php?rest_route=\/wp\/v2\/pages\/94\/revisions\/1027"}],"wp:attachment":[{"href":"https:\/\/www.ludiwolfi.com\/index.php?rest_route=%2Fwp%2Fv2%2Fmedia&parent=94"}],"curies":[{"name":"wp","href":"https:\/\/api.w.org\/{rel}","templated":true}]}}