{"id":55,"date":"2021-09-24T19:46:43","date_gmt":"2021-09-24T17:46:43","guid":{"rendered":"http:\/\/www.ludiwolfi.com\/?page_id=55"},"modified":"2024-09-16T18:04:11","modified_gmt":"2024-09-16T16:04:11","slug":"qui-sommes-nous","status":"publish","type":"page","link":"https:\/\/www.ludiwolfi.com\/?page_id=55","title":{"rendered":"Qui sommes-nous ?"},"content":{"rendered":"\n<h2 class=\"wp-block-heading\">L&#8217;association Ludi Wolfi.<\/h2>\n\n\n\n<p>Nous sommes un regroupement de 7 personnes adorant les jeux dans toute leur diversit\u00e9, des jeux de soci\u00e9t\u00e9 aux jeux vid\u00e9os en passant par les jeux de cartes et les jeux de r\u00f4les.<\/p>\n\n\n\n<p>Nous avons \u00e0 c\u0153ur de pouvoir proposer un lieu de partage et de rendez-vous, o\u00f9 tout-petits et grands de 7 \u00e0 plus de 77 ans pourront jouer ensemble et \u00e9changer.<\/p>\n\n\n\n<h2 class=\"wp-block-heading\">Quels types de jeux ?<\/h2>\n\n\n\n<p>Nous proposons des jeux de soci\u00e9t\u00e9 de tous \u00e2ges autant pour les enfants que plus r\u00e9fl\u00e9chis pour les adultes. Que ce soit de l&#8217;\u00e9chec classique ou la bataille navale, \u00e0 des jeux moins connus comme Stratego, ou encore certains jeux moins r\u00e9cents comme les premi\u00e8res \u00e9ditions du 1000 bornes.<\/p>\n\n\n\n<p>Pour les jeux vid\u00e9os, ne cherchez pas des consoles tr\u00e8s r\u00e9centes comme la PS5, ce seront plut\u00f4t des consoles comme la Super Nintendo, l&#8217;Atari 7800 ou encore le CPC 464.<\/p>\n\n\n\n<p>Des sessions sp\u00e9ciales sur la cr\u00e9ation de jeux (programmation), ou sur des m\u00e9canismes de d\u00e9veloppement logiques sur des jeux seront \u00e9galement propos\u00e9s.<\/p>\n\n\n\n<p>Enfin pour les autres cat\u00e9gories de jeux, ceux-ci seront propos\u00e9s suivant les sessions, comme des jeux de cartes classiques ou des jeux de cartes modernes (Pok\u00e9mon &#8230;). Ainsi que, parfois, des parties de jeux de r\u00f4les ou Escape Games.<\/p>\n\n\n\n<h2 class=\"wp-block-heading\">Comment le proposons-nous ?<\/h2>\n\n\n\n<p>Nous proposerons des <a href=\"http:\/\/www.ludiwolfi.com\/?page_id=59\">sessions \u00e0 th\u00e8me(s)<\/a> une fois par mois minimum (voir <a href=\"http:\/\/www.ludiwolfi.com\/?page_id=57\">Nos futures dates<\/a>). Nous serons \u00e9galement parfois pr\u00e9sents lors de manifestations organis\u00e9es par la mairie.<\/p>\n\n\n\n<h2 class=\"wp-block-heading\">Comment y participer ?<\/h2>\n\n\n\n<p>Entr\u00e9e libre !<\/p>\n\n\n\n<h2 class=\"wp-block-heading\">Et \u00e0 part les sessions ?<\/h2>\n\n\n\n<p>Nous proposerons rapidement des pr\u00eats de jeux de toutes sortes issus de notre catalogue. <\/p>\n\n\n\n<p>Vous pourrez, gr\u00e2ce \u00e0 une adh\u00e9sion de <strong>25\u20ac\/an<\/strong> et d&#8217;une <strong>caution de 50\u20ac<\/strong> (non-encaiss\u00e9e et servant \u00e0 couvrir les frais de d\u00e9t\u00e9rioration ou perte) faire un choix d&#8217;emprunt parmi un catalogue qui s&#8217;\u00e9toffera, nous l&#8217;esp\u00e9rons, rapidement.<\/p>\n\n\n\n<p>Bulletin d&#8217;adh\u00e9sion en t\u00e9l\u00e9chargement ici.<\/p>\n\n\n\n<div data-wp-interactive=\"core\/file\" class=\"wp-block-file\"><object data-wp-bind--hidden=\"!state.hasPdfPreview\" hidden class=\"wp-block-file__embed\" data=\"https:\/\/www.ludiwolfi.com\/wp-content\/uploads\/2024\/09\/BA-LUDI-WOLFI.pdf\" type=\"application\/pdf\" style=\"width:100%;height:600px\" aria-label=\"Contenu embarqu\u00e9 BA LUDI WOLFI.\"><\/object><a id=\"wp-block-file--media-8c51a9a8-2a74-4eeb-b5c2-958c84d90155\" href=\"https:\/\/www.ludiwolfi.com\/wp-content\/uploads\/2024\/09\/BA-LUDI-WOLFI.pdf\">BA LUDI WOLFI<\/a><a href=\"https:\/\/www.ludiwolfi.com\/wp-content\/uploads\/2024\/09\/BA-LUDI-WOLFI.pdf\" class=\"wp-block-file__button wp-element-button\" download aria-describedby=\"wp-block-file--media-8c51a9a8-2a74-4eeb-b5c2-958c84d90155\">T\u00e9l\u00e9charger<\/a><\/div>\n\n\n\n<h2 class=\"wp-block-heading\">Je veux faire plus !<\/h2>\n\n\n\n<p>Si vous souhaitez nous aider plus, vous pouvez nous faire un don afin de nous soutenir en passant <a href=\"http:\/\/www.ludiwolfi.com\/?page_id=122\" target=\"_blank\" rel=\"noreferrer noopener\">par cette page<\/a>.<\/p>\n\n\n\n<p>Vous souhaitez faire partie du bureau ex\u00e9cutif ? Chaque ann\u00e9e, une assembl\u00e9e votera les futurs membres du bureau et chaque personne ayant adh\u00e9r\u00e9 \u00e0 l&#8217;association y aura une voix et son mot \u00e0 dire.<\/p>\n\n\n\n<figure class=\"wp-block-image size-full is-style-rounded\"><img loading=\"lazy\" decoding=\"async\" width=\"1000\" height=\"668\" src=\"http:\/\/www.ludiwolfi.com\/wp-content\/uploads\/2021\/09\/2B154582-D596-4605-B5A7-636AC5898AE8.jpeg\" alt=\"Divers Jeux de soci\u00e9t\u00e9\" class=\"wp-image-51\" srcset=\"https:\/\/www.ludiwolfi.com\/wp-content\/uploads\/2021\/09\/2B154582-D596-4605-B5A7-636AC5898AE8.jpeg 1000w, https:\/\/www.ludiwolfi.com\/wp-content\/uploads\/2021\/09\/2B154582-D596-4605-B5A7-636AC5898AE8-300x200.jpeg 300w, https:\/\/www.ludiwolfi.com\/wp-content\/uploads\/2021\/09\/2B154582-D596-4605-B5A7-636AC5898AE8-768x513.jpeg 768w, https:\/\/www.ludiwolfi.com\/wp-content\/uploads\/2021\/09\/2B154582-D596-4605-B5A7-636AC5898AE8-404x270.jpeg 404w\" sizes=\"auto, (max-width: 1000px) 100vw, 1000px\" \/><\/figure>\n<div class=\"pvc_clear\"><\/div><p id=\"pvc_stats_55\" class=\"pvc_stats all  \" data-element-id=\"55\" style=\"\"><i class=\"pvc-stats-icon medium\" aria-hidden=\"true\"><svg aria-hidden=\"true\" focusable=\"false\" data-prefix=\"far\" data-icon=\"chart-bar\" role=\"img\" xmlns=\"http:\/\/www.w3.org\/2000\/svg\" viewBox=\"0 0 512 512\" class=\"svg-inline--fa fa-chart-bar fa-w-16 fa-2x\"><path fill=\"currentColor\" d=\"M396.8 352h22.4c6.4 0 12.8-6.4 12.8-12.8V108.8c0-6.4-6.4-12.8-12.8-12.8h-22.4c-6.4 0-12.8 6.4-12.8 12.8v230.4c0 6.4 6.4 12.8 12.8 12.8zm-192 0h22.4c6.4 0 12.8-6.4 12.8-12.8V140.8c0-6.4-6.4-12.8-12.8-12.8h-22.4c-6.4 0-12.8 6.4-12.8 12.8v198.4c0 6.4 6.4 12.8 12.8 12.8zm96 0h22.4c6.4 0 12.8-6.4 12.8-12.8V204.8c0-6.4-6.4-12.8-12.8-12.8h-22.4c-6.4 0-12.8 6.4-12.8 12.8v134.4c0 6.4 6.4 12.8 12.8 12.8zM496 400H48V80c0-8.84-7.16-16-16-16H16C7.16 64 0 71.16 0 80v336c0 17.67 14.33 32 32 32h464c8.84 0 16-7.16 16-16v-16c0-8.84-7.16-16-16-16zm-387.2-48h22.4c6.4 0 12.8-6.4 12.8-12.8v-70.4c0-6.4-6.4-12.8-12.8-12.8h-22.4c-6.4 0-12.8 6.4-12.8 12.8v70.4c0 6.4 6.4 12.8 12.8 12.8z\" class=\"\"><\/path><\/svg><\/i> <img loading=\"lazy\" decoding=\"async\" width=\"16\" height=\"16\" alt=\"Loading\" src=\"https:\/\/www.ludiwolfi.com\/wp-content\/plugins\/page-views-count\/ajax-loader-2x.gif\" border=0 \/><\/p><div class=\"pvc_clear\"><\/div>","protected":false},"excerpt":{"rendered":"<p>L&#8217;association Ludi Wolfi. Nous sommes un regroupement de 7 personnes adorant les jeux dans toute leur diversit\u00e9, des jeux de soci\u00e9t\u00e9 aux jeux vid\u00e9os en passant par les jeux de cartes et les jeux de r\u00f4les. Nous avons \u00e0 c\u0153ur de pouvoir proposer un lieu de partage et de rendez-vous, o\u00f9 tout-petits et grands de [&hellip;]<\/p>\n<div class=\"pvc_clear\"><\/div>\n<p id=\"pvc_stats_55\" class=\"pvc_stats all  \" data-element-id=\"55\" style=\"\"><i class=\"pvc-stats-icon medium\" aria-hidden=\"true\"><svg aria-hidden=\"true\" focusable=\"false\" data-prefix=\"far\" data-icon=\"chart-bar\" role=\"img\" xmlns=\"http:\/\/www.w3.org\/2000\/svg\" viewBox=\"0 0 512 512\" class=\"svg-inline--fa fa-chart-bar fa-w-16 fa-2x\"><path fill=\"currentColor\" d=\"M396.8 352h22.4c6.4 0 12.8-6.4 12.8-12.8V108.8c0-6.4-6.4-12.8-12.8-12.8h-22.4c-6.4 0-12.8 6.4-12.8 12.8v230.4c0 6.4 6.4 12.8 12.8 12.8zm-192 0h22.4c6.4 0 12.8-6.4 12.8-12.8V140.8c0-6.4-6.4-12.8-12.8-12.8h-22.4c-6.4 0-12.8 6.4-12.8 12.8v198.4c0 6.4 6.4 12.8 12.8 12.8zm96 0h22.4c6.4 0 12.8-6.4 12.8-12.8V204.8c0-6.4-6.4-12.8-12.8-12.8h-22.4c-6.4 0-12.8 6.4-12.8 12.8v134.4c0 6.4 6.4 12.8 12.8 12.8zM496 400H48V80c0-8.84-7.16-16-16-16H16C7.16 64 0 71.16 0 80v336c0 17.67 14.33 32 32 32h464c8.84 0 16-7.16 16-16v-16c0-8.84-7.16-16-16-16zm-387.2-48h22.4c6.4 0 12.8-6.4 12.8-12.8v-70.4c0-6.4-6.4-12.8-12.8-12.8h-22.4c-6.4 0-12.8 6.4-12.8 12.8v70.4c0 6.4 6.4 12.8 12.8 12.8z\" class=\"\"><\/path><\/svg><\/i> <img loading=\"lazy\" decoding=\"async\" width=\"16\" height=\"16\" alt=\"Loading\" src=\"https:\/\/www.ludiwolfi.com\/wp-content\/plugins\/page-views-count\/ajax-loader-2x.gif\" border=0 \/><\/p>\n<div class=\"pvc_clear\"><\/div>\n","protected":false},"author":1,"featured_media":0,"parent":0,"menu_order":0,"comment_status":"closed","ping_status":"closed","template":"","meta":{"footnotes":""},"class_list":["post-55","page","type-page","status-publish","hentry"],"a3_pvc":{"activated":true,"total_views":1168,"today_views":0},"yoast_head":"<!-- This site is optimized with the Yoast SEO plugin v27.4 - https:\/\/yoast.com\/product\/yoast-seo-wordpress\/ -->\n<title>Qui sommes-nous ? - Ludi Wolfi<\/title>\n<meta name=\"description\" content=\"Nous sommes un regroupement de 7 personnes adorant les jeux dans toutes leurs diversit\u00e9s, du jeux de soci\u00e9t\u00e9s aux jeux vid\u00e9os en passant par les jeux de cartes et les jeux de r\u00f4les.\" \/>\n<meta name=\"robots\" content=\"index, follow, max-snippet:-1, max-image-preview:large, max-video-preview:-1\" \/>\n<link rel=\"canonical\" href=\"https:\/\/www.ludiwolfi.com\/?page_id=55\" \/>\n<meta property=\"og:locale\" content=\"fr_FR\" \/>\n<meta property=\"og:type\" content=\"article\" \/>\n<meta property=\"og:title\" content=\"LUDI WOLFI\" \/>\n<meta property=\"og:description\" content=\"Nous sommes un regroupement de 7 personnes adorant les jeux dans toutes leurs diversit\u00e9s, du jeux de soci\u00e9t\u00e9s aux jeux vid\u00e9os en passant par les jeux de cartes et les jeux de r\u00f4les.\" \/>\n<meta property=\"og:url\" content=\"https:\/\/www.ludiwolfi.com\/?page_id=55\" \/>\n<meta property=\"og:site_name\" content=\"Ludi Wolfi\" \/>\n<meta property=\"article:publisher\" content=\"https:\/\/www.facebook.com\/profile.php?id=100072170828127\" \/>\n<meta property=\"article:modified_time\" content=\"2024-09-16T16:04:11+00:00\" \/>\n<meta property=\"og:image\" content=\"https:\/\/www.ludiwolfi.com\/wp-content\/uploads\/2021\/09\/thumbnail_01.jpg\" \/>\n\t<meta property=\"og:image:width\" content=\"759\" \/>\n\t<meta property=\"og:image:height\" content=\"768\" \/>\n\t<meta property=\"og:image:type\" content=\"image\/jpeg\" \/>\n<meta name=\"twitter:card\" content=\"summary_large_image\" \/>\n<meta name=\"twitter:title\" content=\"LUDI WOLFI\" \/>\n<meta name=\"twitter:description\" content=\"Nous sommes un regroupement de 7 personnes adorant les jeux dans toutes leurs diversit\u00e9s, du jeux de soci\u00e9t\u00e9s aux jeux vid\u00e9os en passant par les jeux de cartes et les jeux de r\u00f4les.\" \/>\n<meta name=\"twitter:image\" content=\"https:\/\/www.ludiwolfi.com\/wp-content\/uploads\/2021\/09\/thumbnail_01.jpg\" \/>\n<meta name=\"twitter:label1\" content=\"Dur\u00e9e de lecture estim\u00e9e\" \/>\n\t<meta name=\"twitter:data1\" content=\"3 minutes\" \/>\n<script type=\"application\/ld+json\" class=\"yoast-schema-graph\">{\"@context\":\"https:\\\/\\\/schema.org\",\"@graph\":[{\"@type\":\"WebPage\",\"@id\":\"https:\\\/\\\/www.ludiwolfi.com\\\/?page_id=55\",\"url\":\"https:\\\/\\\/www.ludiwolfi.com\\\/?page_id=55\",\"name\":\"Qui sommes-nous ? - Ludi Wolfi\",\"isPartOf\":{\"@id\":\"https:\\\/\\\/www.ludiwolfi.com\\\/#website\"},\"primaryImageOfPage\":{\"@id\":\"https:\\\/\\\/www.ludiwolfi.com\\\/?page_id=55#primaryimage\"},\"image\":{\"@id\":\"https:\\\/\\\/www.ludiwolfi.com\\\/?page_id=55#primaryimage\"},\"thumbnailUrl\":\"http:\\\/\\\/www.ludiwolfi.com\\\/wp-content\\\/uploads\\\/2021\\\/09\\\/2B154582-D596-4605-B5A7-636AC5898AE8.jpeg\",\"datePublished\":\"2021-09-24T17:46:43+00:00\",\"dateModified\":\"2024-09-16T16:04:11+00:00\",\"description\":\"Nous sommes un regroupement de 7 personnes adorant les jeux dans toutes leurs diversit\u00e9s, du jeux de soci\u00e9t\u00e9s aux jeux vid\u00e9os en passant par les jeux de cartes et les jeux de r\u00f4les.\",\"breadcrumb\":{\"@id\":\"https:\\\/\\\/www.ludiwolfi.com\\\/?page_id=55#breadcrumb\"},\"inLanguage\":\"fr-FR\",\"potentialAction\":[{\"@type\":\"ReadAction\",\"target\":[\"https:\\\/\\\/www.ludiwolfi.com\\\/?page_id=55\"]}]},{\"@type\":\"ImageObject\",\"inLanguage\":\"fr-FR\",\"@id\":\"https:\\\/\\\/www.ludiwolfi.com\\\/?page_id=55#primaryimage\",\"url\":\"https:\\\/\\\/www.ludiwolfi.com\\\/wp-content\\\/uploads\\\/2021\\\/09\\\/2B154582-D596-4605-B5A7-636AC5898AE8.jpeg\",\"contentUrl\":\"https:\\\/\\\/www.ludiwolfi.com\\\/wp-content\\\/uploads\\\/2021\\\/09\\\/2B154582-D596-4605-B5A7-636AC5898AE8.jpeg\",\"width\":1000,\"height\":668,\"caption\":\"Divers Jeux de soci\u00e9t\u00e9\"},{\"@type\":\"BreadcrumbList\",\"@id\":\"https:\\\/\\\/www.ludiwolfi.com\\\/?page_id=55#breadcrumb\",\"itemListElement\":[{\"@type\":\"ListItem\",\"position\":1,\"name\":\"Accueil\",\"item\":\"https:\\\/\\\/www.ludiwolfi.com\\\/\"},{\"@type\":\"ListItem\",\"position\":2,\"name\":\"Qui sommes-nous ?\"}]},{\"@type\":\"WebSite\",\"@id\":\"https:\\\/\\\/www.ludiwolfi.com\\\/#website\",\"url\":\"https:\\\/\\\/www.ludiwolfi.com\\\/\",\"name\":\"Ludi Wolfi\",\"description\":\"L&#039;association culturelle de WOLFSIHEIM\",\"publisher\":{\"@id\":\"https:\\\/\\\/www.ludiwolfi.com\\\/#organization\"},\"potentialAction\":[{\"@type\":\"SearchAction\",\"target\":{\"@type\":\"EntryPoint\",\"urlTemplate\":\"https:\\\/\\\/www.ludiwolfi.com\\\/?s={search_term_string}\"},\"query-input\":{\"@type\":\"PropertyValueSpecification\",\"valueRequired\":true,\"valueName\":\"search_term_string\"}}],\"inLanguage\":\"fr-FR\"},{\"@type\":\"Organization\",\"@id\":\"https:\\\/\\\/www.ludiwolfi.com\\\/#organization\",\"name\":\"LUDI WOLFI\",\"url\":\"https:\\\/\\\/www.ludiwolfi.com\\\/\",\"logo\":{\"@type\":\"ImageObject\",\"inLanguage\":\"fr-FR\",\"@id\":\"https:\\\/\\\/www.ludiwolfi.com\\\/#\\\/schema\\\/logo\\\/image\\\/\",\"url\":\"http:\\\/\\\/www.ludiwolfi.com\\\/wp-content\\\/uploads\\\/2021\\\/09\\\/cropped-thumbnail_01.jpg\",\"contentUrl\":\"http:\\\/\\\/www.ludiwolfi.com\\\/wp-content\\\/uploads\\\/2021\\\/09\\\/cropped-thumbnail_01.jpg\",\"width\":512,\"height\":512,\"caption\":\"LUDI WOLFI\"},\"image\":{\"@id\":\"https:\\\/\\\/www.ludiwolfi.com\\\/#\\\/schema\\\/logo\\\/image\\\/\"},\"sameAs\":[\"https:\\\/\\\/www.facebook.com\\\/profile.php?id=100072170828127\"]}]}<\/script>\n<!-- \/ Yoast SEO plugin. -->","yoast_head_json":{"title":"Qui sommes-nous ? - Ludi Wolfi","description":"Nous sommes un regroupement de 7 personnes adorant les jeux dans toutes leurs diversit\u00e9s, du jeux de soci\u00e9t\u00e9s aux jeux vid\u00e9os en passant par les jeux de cartes et les jeux de r\u00f4les.","robots":{"index":"index","follow":"follow","max-snippet":"max-snippet:-1","max-image-preview":"max-image-preview:large","max-video-preview":"max-video-preview:-1"},"canonical":"https:\/\/www.ludiwolfi.com\/?page_id=55","og_locale":"fr_FR","og_type":"article","og_title":"LUDI WOLFI","og_description":"Nous sommes un regroupement de 7 personnes adorant les jeux dans toutes leurs diversit\u00e9s, du jeux de soci\u00e9t\u00e9s aux jeux vid\u00e9os en passant par les jeux de cartes et les jeux de r\u00f4les.","og_url":"https:\/\/www.ludiwolfi.com\/?page_id=55","og_site_name":"Ludi Wolfi","article_publisher":"https:\/\/www.facebook.com\/profile.php?id=100072170828127","article_modified_time":"2024-09-16T16:04:11+00:00","og_image":[{"width":759,"height":768,"url":"https:\/\/www.ludiwolfi.com\/wp-content\/uploads\/2021\/09\/thumbnail_01.jpg","type":"image\/jpeg"}],"twitter_card":"summary_large_image","twitter_title":"LUDI WOLFI","twitter_description":"Nous sommes un regroupement de 7 personnes adorant les jeux dans toutes leurs diversit\u00e9s, du jeux de soci\u00e9t\u00e9s aux jeux vid\u00e9os en passant par les jeux de cartes et les jeux de r\u00f4les.","twitter_image":"https:\/\/www.ludiwolfi.com\/wp-content\/uploads\/2021\/09\/thumbnail_01.jpg","twitter_misc":{"Dur\u00e9e de lecture estim\u00e9e":"3 minutes"},"schema":{"@context":"https:\/\/schema.org","@graph":[{"@type":"WebPage","@id":"https:\/\/www.ludiwolfi.com\/?page_id=55","url":"https:\/\/www.ludiwolfi.com\/?page_id=55","name":"Qui sommes-nous ? - Ludi Wolfi","isPartOf":{"@id":"https:\/\/www.ludiwolfi.com\/#website"},"primaryImageOfPage":{"@id":"https:\/\/www.ludiwolfi.com\/?page_id=55#primaryimage"},"image":{"@id":"https:\/\/www.ludiwolfi.com\/?page_id=55#primaryimage"},"thumbnailUrl":"http:\/\/www.ludiwolfi.com\/wp-content\/uploads\/2021\/09\/2B154582-D596-4605-B5A7-636AC5898AE8.jpeg","datePublished":"2021-09-24T17:46:43+00:00","dateModified":"2024-09-16T16:04:11+00:00","description":"Nous sommes un regroupement de 7 personnes adorant les jeux dans toutes leurs diversit\u00e9s, du jeux de soci\u00e9t\u00e9s aux jeux vid\u00e9os en passant par les jeux de cartes et les jeux de r\u00f4les.","breadcrumb":{"@id":"https:\/\/www.ludiwolfi.com\/?page_id=55#breadcrumb"},"inLanguage":"fr-FR","potentialAction":[{"@type":"ReadAction","target":["https:\/\/www.ludiwolfi.com\/?page_id=55"]}]},{"@type":"ImageObject","inLanguage":"fr-FR","@id":"https:\/\/www.ludiwolfi.com\/?page_id=55#primaryimage","url":"https:\/\/www.ludiwolfi.com\/wp-content\/uploads\/2021\/09\/2B154582-D596-4605-B5A7-636AC5898AE8.jpeg","contentUrl":"https:\/\/www.ludiwolfi.com\/wp-content\/uploads\/2021\/09\/2B154582-D596-4605-B5A7-636AC5898AE8.jpeg","width":1000,"height":668,"caption":"Divers Jeux de soci\u00e9t\u00e9"},{"@type":"BreadcrumbList","@id":"https:\/\/www.ludiwolfi.com\/?page_id=55#breadcrumb","itemListElement":[{"@type":"ListItem","position":1,"name":"Accueil","item":"https:\/\/www.ludiwolfi.com\/"},{"@type":"ListItem","position":2,"name":"Qui sommes-nous ?"}]},{"@type":"WebSite","@id":"https:\/\/www.ludiwolfi.com\/#website","url":"https:\/\/www.ludiwolfi.com\/","name":"Ludi Wolfi","description":"L&#039;association culturelle de WOLFSIHEIM","publisher":{"@id":"https:\/\/www.ludiwolfi.com\/#organization"},"potentialAction":[{"@type":"SearchAction","target":{"@type":"EntryPoint","urlTemplate":"https:\/\/www.ludiwolfi.com\/?s={search_term_string}"},"query-input":{"@type":"PropertyValueSpecification","valueRequired":true,"valueName":"search_term_string"}}],"inLanguage":"fr-FR"},{"@type":"Organization","@id":"https:\/\/www.ludiwolfi.com\/#organization","name":"LUDI WOLFI","url":"https:\/\/www.ludiwolfi.com\/","logo":{"@type":"ImageObject","inLanguage":"fr-FR","@id":"https:\/\/www.ludiwolfi.com\/#\/schema\/logo\/image\/","url":"http:\/\/www.ludiwolfi.com\/wp-content\/uploads\/2021\/09\/cropped-thumbnail_01.jpg","contentUrl":"http:\/\/www.ludiwolfi.com\/wp-content\/uploads\/2021\/09\/cropped-thumbnail_01.jpg","width":512,"height":512,"caption":"LUDI WOLFI"},"image":{"@id":"https:\/\/www.ludiwolfi.com\/#\/schema\/logo\/image\/"},"sameAs":["https:\/\/www.facebook.com\/profile.php?id=100072170828127"]}]}},"_links":{"self":[{"href":"https:\/\/www.ludiwolfi.com\/index.php?rest_route=\/wp\/v2\/pages\/55","targetHints":{"allow":["GET"]}}],"collection":[{"href":"https:\/\/www.ludiwolfi.com\/index.php?rest_route=\/wp\/v2\/pages"}],"about":[{"href":"https:\/\/www.ludiwolfi.com\/index.php?rest_route=\/wp\/v2\/types\/page"}],"author":[{"embeddable":true,"href":"https:\/\/www.ludiwolfi.com\/index.php?rest_route=\/wp\/v2\/users\/1"}],"replies":[{"embeddable":true,"href":"https:\/\/www.ludiwolfi.com\/index.php?rest_route=%2Fwp%2Fv2%2Fcomments&post=55"}],"version-history":[{"count":3,"href":"https:\/\/www.ludiwolfi.com\/index.php?rest_route=\/wp\/v2\/pages\/55\/revisions"}],"predecessor-version":[{"id":842,"href":"https:\/\/www.ludiwolfi.com\/index.php?rest_route=\/wp\/v2\/pages\/55\/revisions\/842"}],"wp:attachment":[{"href":"https:\/\/www.ludiwolfi.com\/index.php?rest_route=%2Fwp%2Fv2%2Fmedia&parent=55"}],"curies":[{"name":"wp","href":"https:\/\/api.w.org\/{rel}","templated":true}]}}