{"id":302,"date":"2022-01-17T14:45:18","date_gmt":"2022-01-17T13:45:18","guid":{"rendered":"https:\/\/www.ludiwolfi.com\/?page_id=302"},"modified":"2023-01-06T12:10:16","modified_gmt":"2023-01-06T11:10:16","slug":"catalogue-de-jeux","status":"publish","type":"page","link":"https:\/\/www.ludiwolfi.com\/?page_id=302","title":{"rendered":"Catalogue de jeux"},"content":{"rendered":"\n<p>Liste des jeux en catalogue pour pr\u00eat et demande particuli\u00e8re pour une session !<\/p>\n\n\n\n<p><a href=\"https:\/\/www.myludo.fr\/#!\/profil\/ludiwolfi-42939\">https:\/\/www.myludo.fr\/#!\/profil\/ludiwolfi-42939<\/a><\/p>\n\n\n\n<iframe loading=\"lazy\" width=\"600\" height=\"1800\" src=\"https:\/\/www.myludo.fr\/#!\/profil\/ludiwolfi-42939\">\n<\/iframe>\n\n\n\n<p><\/p>\n<div class=\"pvc_clear\"><\/div><p id=\"pvc_stats_302\" class=\"pvc_stats all  \" data-element-id=\"302\" style=\"\"><i class=\"pvc-stats-icon medium\" aria-hidden=\"true\"><svg aria-hidden=\"true\" focusable=\"false\" data-prefix=\"far\" data-icon=\"chart-bar\" role=\"img\" xmlns=\"http:\/\/www.w3.org\/2000\/svg\" viewBox=\"0 0 512 512\" class=\"svg-inline--fa fa-chart-bar fa-w-16 fa-2x\"><path fill=\"currentColor\" d=\"M396.8 352h22.4c6.4 0 12.8-6.4 12.8-12.8V108.8c0-6.4-6.4-12.8-12.8-12.8h-22.4c-6.4 0-12.8 6.4-12.8 12.8v230.4c0 6.4 6.4 12.8 12.8 12.8zm-192 0h22.4c6.4 0 12.8-6.4 12.8-12.8V140.8c0-6.4-6.4-12.8-12.8-12.8h-22.4c-6.4 0-12.8 6.4-12.8 12.8v198.4c0 6.4 6.4 12.8 12.8 12.8zm96 0h22.4c6.4 0 12.8-6.4 12.8-12.8V204.8c0-6.4-6.4-12.8-12.8-12.8h-22.4c-6.4 0-12.8 6.4-12.8 12.8v134.4c0 6.4 6.4 12.8 12.8 12.8zM496 400H48V80c0-8.84-7.16-16-16-16H16C7.16 64 0 71.16 0 80v336c0 17.67 14.33 32 32 32h464c8.84 0 16-7.16 16-16v-16c0-8.84-7.16-16-16-16zm-387.2-48h22.4c6.4 0 12.8-6.4 12.8-12.8v-70.4c0-6.4-6.4-12.8-12.8-12.8h-22.4c-6.4 0-12.8 6.4-12.8 12.8v70.4c0 6.4 6.4 12.8 12.8 12.8z\" class=\"\"><\/path><\/svg><\/i> <img loading=\"lazy\" decoding=\"async\" width=\"16\" height=\"16\" alt=\"Loading\" src=\"https:\/\/www.ludiwolfi.com\/wp-content\/plugins\/page-views-count\/ajax-loader-2x.gif\" border=0 \/><\/p><div class=\"pvc_clear\"><\/div>","protected":false},"excerpt":{"rendered":"<p>Liste des jeux en catalogue pour pr\u00eat et demande particuli\u00e8re pour une session ! https:\/\/www.myludo.fr\/#!\/profil\/ludiwolfi-42939<\/p>\n<div class=\"pvc_clear\"><\/div>\n<p id=\"pvc_stats_302\" class=\"pvc_stats all  \" data-element-id=\"302\" style=\"\"><i class=\"pvc-stats-icon medium\" aria-hidden=\"true\"><svg aria-hidden=\"true\" focusable=\"false\" data-prefix=\"far\" data-icon=\"chart-bar\" role=\"img\" xmlns=\"http:\/\/www.w3.org\/2000\/svg\" viewBox=\"0 0 512 512\" class=\"svg-inline--fa fa-chart-bar fa-w-16 fa-2x\"><path fill=\"currentColor\" d=\"M396.8 352h22.4c6.4 0 12.8-6.4 12.8-12.8V108.8c0-6.4-6.4-12.8-12.8-12.8h-22.4c-6.4 0-12.8 6.4-12.8 12.8v230.4c0 6.4 6.4 12.8 12.8 12.8zm-192 0h22.4c6.4 0 12.8-6.4 12.8-12.8V140.8c0-6.4-6.4-12.8-12.8-12.8h-22.4c-6.4 0-12.8 6.4-12.8 12.8v198.4c0 6.4 6.4 12.8 12.8 12.8zm96 0h22.4c6.4 0 12.8-6.4 12.8-12.8V204.8c0-6.4-6.4-12.8-12.8-12.8h-22.4c-6.4 0-12.8 6.4-12.8 12.8v134.4c0 6.4 6.4 12.8 12.8 12.8zM496 400H48V80c0-8.84-7.16-16-16-16H16C7.16 64 0 71.16 0 80v336c0 17.67 14.33 32 32 32h464c8.84 0 16-7.16 16-16v-16c0-8.84-7.16-16-16-16zm-387.2-48h22.4c6.4 0 12.8-6.4 12.8-12.8v-70.4c0-6.4-6.4-12.8-12.8-12.8h-22.4c-6.4 0-12.8 6.4-12.8 12.8v70.4c0 6.4 6.4 12.8 12.8 12.8z\" class=\"\"><\/path><\/svg><\/i> <img loading=\"lazy\" decoding=\"async\" width=\"16\" height=\"16\" alt=\"Loading\" src=\"https:\/\/www.ludiwolfi.com\/wp-content\/plugins\/page-views-count\/ajax-loader-2x.gif\" border=0 \/><\/p>\n<div class=\"pvc_clear\"><\/div>\n","protected":false},"author":1,"featured_media":0,"parent":0,"menu_order":0,"comment_status":"closed","ping_status":"closed","template":"","meta":{"footnotes":""},"class_list":["post-302","page","type-page","status-publish","hentry"],"a3_pvc":{"activated":true,"total_views":2237,"today_views":1},"yoast_head":"<!-- This site is optimized with the Yoast SEO plugin v27.4 - https:\/\/yoast.com\/product\/yoast-seo-wordpress\/ -->\n<title>Catalogue de jeux - Ludi Wolfi<\/title>\n<meta name=\"description\" content=\"LUDI WOLFI association de Wolfisheim pour la pratique des jeux sur tous supports (jeux de soci\u00e9t\u00e9, jeux vid\u00e9os, cartes ..)\" \/>\n<meta name=\"robots\" content=\"index, follow, max-snippet:-1, max-image-preview:large, max-video-preview:-1\" \/>\n<link rel=\"canonical\" href=\"https:\/\/www.ludiwolfi.com\/?page_id=302\" \/>\n<meta property=\"og:locale\" content=\"fr_FR\" \/>\n<meta property=\"og:type\" content=\"article\" \/>\n<meta property=\"og:title\" content=\"Catalogue de jeux - Ludi Wolfi\" \/>\n<meta property=\"og:description\" content=\"LUDI WOLFI association de Wolfisheim pour la pratique des jeux sur tous supports (jeux de soci\u00e9t\u00e9, jeux vid\u00e9os, cartes ..)\" \/>\n<meta property=\"og:url\" content=\"https:\/\/www.ludiwolfi.com\/?page_id=302\" \/>\n<meta property=\"og:site_name\" content=\"Ludi Wolfi\" \/>\n<meta property=\"article:publisher\" content=\"https:\/\/www.facebook.com\/profile.php?id=100072170828127\" \/>\n<meta property=\"article:modified_time\" content=\"2023-01-06T11:10:16+00:00\" \/>\n<meta name=\"twitter:card\" content=\"summary_large_image\" \/>\n<meta name=\"twitter:label1\" content=\"Dur\u00e9e de lecture estim\u00e9e\" \/>\n\t<meta name=\"twitter:data1\" content=\"1 minute\" \/>\n<script type=\"application\/ld+json\" class=\"yoast-schema-graph\">{\"@context\":\"https:\\\/\\\/schema.org\",\"@graph\":[{\"@type\":\"WebPage\",\"@id\":\"https:\\\/\\\/www.ludiwolfi.com\\\/?page_id=302\",\"url\":\"https:\\\/\\\/www.ludiwolfi.com\\\/?page_id=302\",\"name\":\"Catalogue de jeux - Ludi Wolfi\",\"isPartOf\":{\"@id\":\"https:\\\/\\\/www.ludiwolfi.com\\\/#website\"},\"datePublished\":\"2022-01-17T13:45:18+00:00\",\"dateModified\":\"2023-01-06T11:10:16+00:00\",\"description\":\"LUDI WOLFI association de Wolfisheim pour la pratique des jeux sur tous supports (jeux de soci\u00e9t\u00e9, jeux vid\u00e9os, cartes ..)\",\"breadcrumb\":{\"@id\":\"https:\\\/\\\/www.ludiwolfi.com\\\/?page_id=302#breadcrumb\"},\"inLanguage\":\"fr-FR\",\"potentialAction\":[{\"@type\":\"ReadAction\",\"target\":[\"https:\\\/\\\/www.ludiwolfi.com\\\/?page_id=302\"]}]},{\"@type\":\"BreadcrumbList\",\"@id\":\"https:\\\/\\\/www.ludiwolfi.com\\\/?page_id=302#breadcrumb\",\"itemListElement\":[{\"@type\":\"ListItem\",\"position\":1,\"name\":\"Accueil\",\"item\":\"https:\\\/\\\/www.ludiwolfi.com\\\/\"},{\"@type\":\"ListItem\",\"position\":2,\"name\":\"Catalogue de jeux\"}]},{\"@type\":\"WebSite\",\"@id\":\"https:\\\/\\\/www.ludiwolfi.com\\\/#website\",\"url\":\"https:\\\/\\\/www.ludiwolfi.com\\\/\",\"name\":\"Ludi Wolfi\",\"description\":\"L&#039;association culturelle de WOLFSIHEIM\",\"publisher\":{\"@id\":\"https:\\\/\\\/www.ludiwolfi.com\\\/#organization\"},\"potentialAction\":[{\"@type\":\"SearchAction\",\"target\":{\"@type\":\"EntryPoint\",\"urlTemplate\":\"https:\\\/\\\/www.ludiwolfi.com\\\/?s={search_term_string}\"},\"query-input\":{\"@type\":\"PropertyValueSpecification\",\"valueRequired\":true,\"valueName\":\"search_term_string\"}}],\"inLanguage\":\"fr-FR\"},{\"@type\":\"Organization\",\"@id\":\"https:\\\/\\\/www.ludiwolfi.com\\\/#organization\",\"name\":\"LUDI WOLFI\",\"url\":\"https:\\\/\\\/www.ludiwolfi.com\\\/\",\"logo\":{\"@type\":\"ImageObject\",\"inLanguage\":\"fr-FR\",\"@id\":\"https:\\\/\\\/www.ludiwolfi.com\\\/#\\\/schema\\\/logo\\\/image\\\/\",\"url\":\"http:\\\/\\\/www.ludiwolfi.com\\\/wp-content\\\/uploads\\\/2021\\\/09\\\/cropped-thumbnail_01.jpg\",\"contentUrl\":\"http:\\\/\\\/www.ludiwolfi.com\\\/wp-content\\\/uploads\\\/2021\\\/09\\\/cropped-thumbnail_01.jpg\",\"width\":512,\"height\":512,\"caption\":\"LUDI WOLFI\"},\"image\":{\"@id\":\"https:\\\/\\\/www.ludiwolfi.com\\\/#\\\/schema\\\/logo\\\/image\\\/\"},\"sameAs\":[\"https:\\\/\\\/www.facebook.com\\\/profile.php?id=100072170828127\"]}]}<\/script>\n<!-- \/ Yoast SEO plugin. -->","yoast_head_json":{"title":"Catalogue de jeux - Ludi Wolfi","description":"LUDI WOLFI association de Wolfisheim pour la pratique des jeux sur tous supports (jeux de soci\u00e9t\u00e9, jeux vid\u00e9os, cartes ..)","robots":{"index":"index","follow":"follow","max-snippet":"max-snippet:-1","max-image-preview":"max-image-preview:large","max-video-preview":"max-video-preview:-1"},"canonical":"https:\/\/www.ludiwolfi.com\/?page_id=302","og_locale":"fr_FR","og_type":"article","og_title":"Catalogue de jeux - Ludi Wolfi","og_description":"LUDI WOLFI association de Wolfisheim pour la pratique des jeux sur tous supports (jeux de soci\u00e9t\u00e9, jeux vid\u00e9os, cartes ..)","og_url":"https:\/\/www.ludiwolfi.com\/?page_id=302","og_site_name":"Ludi Wolfi","article_publisher":"https:\/\/www.facebook.com\/profile.php?id=100072170828127","article_modified_time":"2023-01-06T11:10:16+00:00","twitter_card":"summary_large_image","twitter_misc":{"Dur\u00e9e de lecture estim\u00e9e":"1 minute"},"schema":{"@context":"https:\/\/schema.org","@graph":[{"@type":"WebPage","@id":"https:\/\/www.ludiwolfi.com\/?page_id=302","url":"https:\/\/www.ludiwolfi.com\/?page_id=302","name":"Catalogue de jeux - Ludi Wolfi","isPartOf":{"@id":"https:\/\/www.ludiwolfi.com\/#website"},"datePublished":"2022-01-17T13:45:18+00:00","dateModified":"2023-01-06T11:10:16+00:00","description":"LUDI WOLFI association de Wolfisheim pour la pratique des jeux sur tous supports (jeux de soci\u00e9t\u00e9, jeux vid\u00e9os, cartes ..)","breadcrumb":{"@id":"https:\/\/www.ludiwolfi.com\/?page_id=302#breadcrumb"},"inLanguage":"fr-FR","potentialAction":[{"@type":"ReadAction","target":["https:\/\/www.ludiwolfi.com\/?page_id=302"]}]},{"@type":"BreadcrumbList","@id":"https:\/\/www.ludiwolfi.com\/?page_id=302#breadcrumb","itemListElement":[{"@type":"ListItem","position":1,"name":"Accueil","item":"https:\/\/www.ludiwolfi.com\/"},{"@type":"ListItem","position":2,"name":"Catalogue de jeux"}]},{"@type":"WebSite","@id":"https:\/\/www.ludiwolfi.com\/#website","url":"https:\/\/www.ludiwolfi.com\/","name":"Ludi Wolfi","description":"L&#039;association culturelle de WOLFSIHEIM","publisher":{"@id":"https:\/\/www.ludiwolfi.com\/#organization"},"potentialAction":[{"@type":"SearchAction","target":{"@type":"EntryPoint","urlTemplate":"https:\/\/www.ludiwolfi.com\/?s={search_term_string}"},"query-input":{"@type":"PropertyValueSpecification","valueRequired":true,"valueName":"search_term_string"}}],"inLanguage":"fr-FR"},{"@type":"Organization","@id":"https:\/\/www.ludiwolfi.com\/#organization","name":"LUDI WOLFI","url":"https:\/\/www.ludiwolfi.com\/","logo":{"@type":"ImageObject","inLanguage":"fr-FR","@id":"https:\/\/www.ludiwolfi.com\/#\/schema\/logo\/image\/","url":"http:\/\/www.ludiwolfi.com\/wp-content\/uploads\/2021\/09\/cropped-thumbnail_01.jpg","contentUrl":"http:\/\/www.ludiwolfi.com\/wp-content\/uploads\/2021\/09\/cropped-thumbnail_01.jpg","width":512,"height":512,"caption":"LUDI WOLFI"},"image":{"@id":"https:\/\/www.ludiwolfi.com\/#\/schema\/logo\/image\/"},"sameAs":["https:\/\/www.facebook.com\/profile.php?id=100072170828127"]}]}},"_links":{"self":[{"href":"https:\/\/www.ludiwolfi.com\/index.php?rest_route=\/wp\/v2\/pages\/302","targetHints":{"allow":["GET"]}}],"collection":[{"href":"https:\/\/www.ludiwolfi.com\/index.php?rest_route=\/wp\/v2\/pages"}],"about":[{"href":"https:\/\/www.ludiwolfi.com\/index.php?rest_route=\/wp\/v2\/types\/page"}],"author":[{"embeddable":true,"href":"https:\/\/www.ludiwolfi.com\/index.php?rest_route=\/wp\/v2\/users\/1"}],"replies":[{"embeddable":true,"href":"https:\/\/www.ludiwolfi.com\/index.php?rest_route=%2Fwp%2Fv2%2Fcomments&post=302"}],"version-history":[{"count":4,"href":"https:\/\/www.ludiwolfi.com\/index.php?rest_route=\/wp\/v2\/pages\/302\/revisions"}],"predecessor-version":[{"id":625,"href":"https:\/\/www.ludiwolfi.com\/index.php?rest_route=\/wp\/v2\/pages\/302\/revisions\/625"}],"wp:attachment":[{"href":"https:\/\/www.ludiwolfi.com\/index.php?rest_route=%2Fwp%2Fv2%2Fmedia&parent=302"}],"curies":[{"name":"wp","href":"https:\/\/api.w.org\/{rel}","templated":true}]}}