{"id":259,"date":"2021-10-28T09:34:03","date_gmt":"2021-10-28T07:34:03","guid":{"rendered":"https:\/\/www.ludiwolfi.com\/?page_id=259"},"modified":"2024-02-28T08:04:45","modified_gmt":"2024-02-28T07:04:45","slug":"partenariat-et-remerciement","status":"publish","type":"page","link":"https:\/\/www.ludiwolfi.com\/?page_id=259","title":{"rendered":"Partenariats et remerciements"},"content":{"rendered":"\n<h2 class=\"wp-block-heading\" id=\"la-ville-de-wolfisheim\">La ville de WOLFISHEIM<\/h2>\n\n\n\n<p>Un <strong>grand remerciement<\/strong> car c&#8217;est elle qui nous pr\u00eate gentiment une salle pour pouvoir faire nos diff\u00e9rentes sessions.<\/p>\n\n\n\n<p><a href=\"https:\/\/www.wolfisheim.fr\/\">https:\/\/www.wolfisheim.fr\/<\/a><\/p>\n\n\n\n<h2 class=\"wp-block-heading\" id=\"le-wolfiloup\">Le Wolfiloup<\/h2>\n\n\n\n<p>Centre de loisirs de Wolfisheim qui nous a aid\u00e9 dans le montage et dans la communication.<\/p>\n\n\n\n<figure class=\"wp-block-embed is-type-wp-embed is-provider-accueil-de-loisirs-de-wolfisheim wp-block-embed-accueil-de-loisirs-de-wolfisheim\"><div class=\"wp-block-embed__wrapper\">\n<blockquote class=\"wp-embedded-content\" data-secret=\"MuyGCIoZsQ\"><a href=\"https:\/\/portail-animation.ufcv.fr\/accueil-loisirs-wolfisheim\/\">Plaquette \u00e9t\u00e9 2024<\/a><\/blockquote><iframe loading=\"lazy\" class=\"wp-embedded-content\" sandbox=\"allow-scripts\" security=\"restricted\" style=\"position: absolute; visibility: hidden;\" title=\"\u00ab\u00a0Plaquette \u00e9t\u00e9 2024\u00a0\u00bb &#8212; Accueil de Loisirs de Wolfisheim\" src=\"https:\/\/portail-animation.ufcv.fr\/accueil-loisirs-wolfisheim\/embed\/#?secret=NUNvvxPQCq#?secret=MuyGCIoZsQ\" data-secret=\"MuyGCIoZsQ\" width=\"500\" height=\"282\" frameborder=\"0\" marginwidth=\"0\" marginheight=\"0\" scrolling=\"no\"><\/iframe>\n<\/div><\/figure>\n\n\n\n<h2 class=\"wp-block-heading\" id=\"magasin-philibert\">Magasin Philibert<\/h2>\n\n\n\n<p>Qui propose \u00e0 nos membres <strong>10% de r\u00e9duction<\/strong> sur leur boutique et leur site internet (attention : il faut \u00eatre adh\u00e9rent pour avoir cette r\u00e9duction) et d&#8217;o\u00f9 nous avons pu acqu\u00e9rir certains jeux.<\/p>\n\n\n\n<p><\/p>\n\n\n\n<figure class=\"wp-block-image size-full\"><img loading=\"lazy\" decoding=\"async\" width=\"200\" height=\"200\" src=\"https:\/\/www.ludiwolfi.com\/wp-content\/uploads\/2021\/10\/telechargement.png\" alt=\"\" class=\"wp-image-261\" srcset=\"https:\/\/www.ludiwolfi.com\/wp-content\/uploads\/2021\/10\/telechargement.png 200w, https:\/\/www.ludiwolfi.com\/wp-content\/uploads\/2021\/10\/telechargement-150x150.png 150w\" sizes=\"auto, (max-width: 200px) 100vw, 200px\" \/><\/figure>\n\n\n\n<p><a href=\"https:\/\/www.philibertnet.com\/\">https:\/\/www.philibertnet.com\/<\/a><\/p>\n\n\n\n<figure class=\"wp-block-image size-full\"><img loading=\"lazy\" decoding=\"async\" width=\"586\" height=\"832\" src=\"https:\/\/www.ludiwolfi.com\/wp-content\/uploads\/2022\/02\/image.png\" alt=\"\" class=\"wp-image-365\" srcset=\"https:\/\/www.ludiwolfi.com\/wp-content\/uploads\/2022\/02\/image.png 586w, https:\/\/www.ludiwolfi.com\/wp-content\/uploads\/2022\/02\/image-211x300.png 211w, https:\/\/www.ludiwolfi.com\/wp-content\/uploads\/2022\/02\/image-190x270.png 190w\" sizes=\"auto, (max-width: 586px) 100vw, 586px\" \/><\/figure>\n<div class=\"pvc_clear\"><\/div><p id=\"pvc_stats_259\" class=\"pvc_stats all  \" data-element-id=\"259\" style=\"\"><i class=\"pvc-stats-icon medium\" aria-hidden=\"true\"><svg aria-hidden=\"true\" focusable=\"false\" data-prefix=\"far\" data-icon=\"chart-bar\" role=\"img\" xmlns=\"http:\/\/www.w3.org\/2000\/svg\" viewBox=\"0 0 512 512\" class=\"svg-inline--fa fa-chart-bar fa-w-16 fa-2x\"><path fill=\"currentColor\" d=\"M396.8 352h22.4c6.4 0 12.8-6.4 12.8-12.8V108.8c0-6.4-6.4-12.8-12.8-12.8h-22.4c-6.4 0-12.8 6.4-12.8 12.8v230.4c0 6.4 6.4 12.8 12.8 12.8zm-192 0h22.4c6.4 0 12.8-6.4 12.8-12.8V140.8c0-6.4-6.4-12.8-12.8-12.8h-22.4c-6.4 0-12.8 6.4-12.8 12.8v198.4c0 6.4 6.4 12.8 12.8 12.8zm96 0h22.4c6.4 0 12.8-6.4 12.8-12.8V204.8c0-6.4-6.4-12.8-12.8-12.8h-22.4c-6.4 0-12.8 6.4-12.8 12.8v134.4c0 6.4 6.4 12.8 12.8 12.8zM496 400H48V80c0-8.84-7.16-16-16-16H16C7.16 64 0 71.16 0 80v336c0 17.67 14.33 32 32 32h464c8.84 0 16-7.16 16-16v-16c0-8.84-7.16-16-16-16zm-387.2-48h22.4c6.4 0 12.8-6.4 12.8-12.8v-70.4c0-6.4-6.4-12.8-12.8-12.8h-22.4c-6.4 0-12.8 6.4-12.8 12.8v70.4c0 6.4 6.4 12.8 12.8 12.8z\" class=\"\"><\/path><\/svg><\/i> <img loading=\"lazy\" decoding=\"async\" width=\"16\" height=\"16\" alt=\"Loading\" src=\"https:\/\/www.ludiwolfi.com\/wp-content\/plugins\/page-views-count\/ajax-loader-2x.gif\" border=0 \/><\/p><div class=\"pvc_clear\"><\/div>","protected":false},"excerpt":{"rendered":"<p>La ville de WOLFISHEIM Un grand remerciement car c&#8217;est elle qui nous pr\u00eate gentiment une salle pour pouvoir faire nos diff\u00e9rentes sessions. https:\/\/www.wolfisheim.fr\/ Le Wolfiloup Centre de loisirs de Wolfisheim qui nous a aid\u00e9 dans le montage et dans la communication. Magasin Philibert Qui propose \u00e0 nos membres 10% de r\u00e9duction sur leur boutique et [&hellip;]<\/p>\n<div class=\"pvc_clear\"><\/div>\n<p id=\"pvc_stats_259\" class=\"pvc_stats all  \" data-element-id=\"259\" style=\"\"><i class=\"pvc-stats-icon medium\" aria-hidden=\"true\"><svg aria-hidden=\"true\" focusable=\"false\" data-prefix=\"far\" data-icon=\"chart-bar\" role=\"img\" xmlns=\"http:\/\/www.w3.org\/2000\/svg\" viewBox=\"0 0 512 512\" class=\"svg-inline--fa fa-chart-bar fa-w-16 fa-2x\"><path fill=\"currentColor\" d=\"M396.8 352h22.4c6.4 0 12.8-6.4 12.8-12.8V108.8c0-6.4-6.4-12.8-12.8-12.8h-22.4c-6.4 0-12.8 6.4-12.8 12.8v230.4c0 6.4 6.4 12.8 12.8 12.8zm-192 0h22.4c6.4 0 12.8-6.4 12.8-12.8V140.8c0-6.4-6.4-12.8-12.8-12.8h-22.4c-6.4 0-12.8 6.4-12.8 12.8v198.4c0 6.4 6.4 12.8 12.8 12.8zm96 0h22.4c6.4 0 12.8-6.4 12.8-12.8V204.8c0-6.4-6.4-12.8-12.8-12.8h-22.4c-6.4 0-12.8 6.4-12.8 12.8v134.4c0 6.4 6.4 12.8 12.8 12.8zM496 400H48V80c0-8.84-7.16-16-16-16H16C7.16 64 0 71.16 0 80v336c0 17.67 14.33 32 32 32h464c8.84 0 16-7.16 16-16v-16c0-8.84-7.16-16-16-16zm-387.2-48h22.4c6.4 0 12.8-6.4 12.8-12.8v-70.4c0-6.4-6.4-12.8-12.8-12.8h-22.4c-6.4 0-12.8 6.4-12.8 12.8v70.4c0 6.4 6.4 12.8 12.8 12.8z\" class=\"\"><\/path><\/svg><\/i> <img loading=\"lazy\" decoding=\"async\" width=\"16\" height=\"16\" alt=\"Loading\" src=\"https:\/\/www.ludiwolfi.com\/wp-content\/plugins\/page-views-count\/ajax-loader-2x.gif\" border=0 \/><\/p>\n<div class=\"pvc_clear\"><\/div>\n","protected":false},"author":1,"featured_media":0,"parent":0,"menu_order":0,"comment_status":"closed","ping_status":"closed","template":"","meta":{"footnotes":""},"class_list":["post-259","page","type-page","status-publish","hentry"],"a3_pvc":{"activated":true,"total_views":775,"today_views":0},"yoast_head":"<!-- This site is optimized with the Yoast SEO plugin v27.5 - https:\/\/yoast.com\/product\/yoast-seo-wordpress\/ -->\n<title>Partenariats et remerciements - Ludi Wolfi<\/title>\n<meta name=\"description\" content=\"LUDI WOLFI association de Wolfisheim pour la pratique des jeux sur tous supports (jeux de soci\u00e9t\u00e9, jeux vid\u00e9os, cartes ..)\" \/>\n<meta name=\"robots\" content=\"index, follow, max-snippet:-1, max-image-preview:large, max-video-preview:-1\" \/>\n<link rel=\"canonical\" href=\"https:\/\/www.ludiwolfi.com\/?page_id=259\" \/>\n<meta property=\"og:locale\" content=\"fr_FR\" \/>\n<meta property=\"og:type\" content=\"article\" \/>\n<meta property=\"og:title\" content=\"Partenariats et remerciements - Ludi Wolfi\" \/>\n<meta property=\"og:description\" content=\"LUDI WOLFI association de Wolfisheim pour la pratique des jeux sur tous supports (jeux de soci\u00e9t\u00e9, jeux vid\u00e9os, cartes ..)\" \/>\n<meta property=\"og:url\" content=\"https:\/\/www.ludiwolfi.com\/?page_id=259\" \/>\n<meta property=\"og:site_name\" content=\"Ludi Wolfi\" \/>\n<meta property=\"article:publisher\" content=\"https:\/\/www.facebook.com\/profile.php?id=100072170828127\" \/>\n<meta property=\"article:modified_time\" content=\"2024-02-28T07:04:45+00:00\" \/>\n<meta property=\"og:image\" content=\"https:\/\/www.ludiwolfi.com\/wp-content\/uploads\/2021\/10\/telechargement.png\" \/>\n<meta name=\"twitter:card\" content=\"summary_large_image\" \/>\n<meta name=\"twitter:label1\" content=\"Dur\u00e9e de lecture estim\u00e9e\" \/>\n\t<meta name=\"twitter:data1\" content=\"1 minute\" \/>\n<script type=\"application\/ld+json\" class=\"yoast-schema-graph\">{\"@context\":\"https:\\\/\\\/schema.org\",\"@graph\":[{\"@type\":\"WebPage\",\"@id\":\"https:\\\/\\\/www.ludiwolfi.com\\\/?page_id=259\",\"url\":\"https:\\\/\\\/www.ludiwolfi.com\\\/?page_id=259\",\"name\":\"Partenariats et remerciements - Ludi Wolfi\",\"isPartOf\":{\"@id\":\"https:\\\/\\\/www.ludiwolfi.com\\\/#website\"},\"primaryImageOfPage\":{\"@id\":\"https:\\\/\\\/www.ludiwolfi.com\\\/?page_id=259#primaryimage\"},\"image\":{\"@id\":\"https:\\\/\\\/www.ludiwolfi.com\\\/?page_id=259#primaryimage\"},\"thumbnailUrl\":\"https:\\\/\\\/www.ludiwolfi.com\\\/wp-content\\\/uploads\\\/2021\\\/10\\\/telechargement.png\",\"datePublished\":\"2021-10-28T07:34:03+00:00\",\"dateModified\":\"2024-02-28T07:04:45+00:00\",\"description\":\"LUDI WOLFI association de Wolfisheim pour la pratique des jeux sur tous supports (jeux de soci\u00e9t\u00e9, jeux vid\u00e9os, cartes ..)\",\"breadcrumb\":{\"@id\":\"https:\\\/\\\/www.ludiwolfi.com\\\/?page_id=259#breadcrumb\"},\"inLanguage\":\"fr-FR\",\"potentialAction\":[{\"@type\":\"ReadAction\",\"target\":[\"https:\\\/\\\/www.ludiwolfi.com\\\/?page_id=259\"]}]},{\"@type\":\"ImageObject\",\"inLanguage\":\"fr-FR\",\"@id\":\"https:\\\/\\\/www.ludiwolfi.com\\\/?page_id=259#primaryimage\",\"url\":\"https:\\\/\\\/www.ludiwolfi.com\\\/wp-content\\\/uploads\\\/2021\\\/10\\\/telechargement.png\",\"contentUrl\":\"https:\\\/\\\/www.ludiwolfi.com\\\/wp-content\\\/uploads\\\/2021\\\/10\\\/telechargement.png\",\"width\":200,\"height\":200},{\"@type\":\"BreadcrumbList\",\"@id\":\"https:\\\/\\\/www.ludiwolfi.com\\\/?page_id=259#breadcrumb\",\"itemListElement\":[{\"@type\":\"ListItem\",\"position\":1,\"name\":\"Accueil\",\"item\":\"https:\\\/\\\/www.ludiwolfi.com\\\/\"},{\"@type\":\"ListItem\",\"position\":2,\"name\":\"Partenariats et remerciements\"}]},{\"@type\":\"WebSite\",\"@id\":\"https:\\\/\\\/www.ludiwolfi.com\\\/#website\",\"url\":\"https:\\\/\\\/www.ludiwolfi.com\\\/\",\"name\":\"Ludi Wolfi\",\"description\":\"L&#039;association culturelle de WOLFSIHEIM\",\"publisher\":{\"@id\":\"https:\\\/\\\/www.ludiwolfi.com\\\/#organization\"},\"potentialAction\":[{\"@type\":\"SearchAction\",\"target\":{\"@type\":\"EntryPoint\",\"urlTemplate\":\"https:\\\/\\\/www.ludiwolfi.com\\\/?s={search_term_string}\"},\"query-input\":{\"@type\":\"PropertyValueSpecification\",\"valueRequired\":true,\"valueName\":\"search_term_string\"}}],\"inLanguage\":\"fr-FR\"},{\"@type\":\"Organization\",\"@id\":\"https:\\\/\\\/www.ludiwolfi.com\\\/#organization\",\"name\":\"LUDI WOLFI\",\"url\":\"https:\\\/\\\/www.ludiwolfi.com\\\/\",\"logo\":{\"@type\":\"ImageObject\",\"inLanguage\":\"fr-FR\",\"@id\":\"https:\\\/\\\/www.ludiwolfi.com\\\/#\\\/schema\\\/logo\\\/image\\\/\",\"url\":\"http:\\\/\\\/www.ludiwolfi.com\\\/wp-content\\\/uploads\\\/2021\\\/09\\\/cropped-thumbnail_01.jpg\",\"contentUrl\":\"http:\\\/\\\/www.ludiwolfi.com\\\/wp-content\\\/uploads\\\/2021\\\/09\\\/cropped-thumbnail_01.jpg\",\"width\":512,\"height\":512,\"caption\":\"LUDI WOLFI\"},\"image\":{\"@id\":\"https:\\\/\\\/www.ludiwolfi.com\\\/#\\\/schema\\\/logo\\\/image\\\/\"},\"sameAs\":[\"https:\\\/\\\/www.facebook.com\\\/profile.php?id=100072170828127\"]}]}<\/script>\n<!-- \/ Yoast SEO plugin. -->","yoast_head_json":{"title":"Partenariats et remerciements - Ludi Wolfi","description":"LUDI WOLFI association de Wolfisheim pour la pratique des jeux sur tous supports (jeux de soci\u00e9t\u00e9, jeux vid\u00e9os, cartes ..)","robots":{"index":"index","follow":"follow","max-snippet":"max-snippet:-1","max-image-preview":"max-image-preview:large","max-video-preview":"max-video-preview:-1"},"canonical":"https:\/\/www.ludiwolfi.com\/?page_id=259","og_locale":"fr_FR","og_type":"article","og_title":"Partenariats et remerciements - Ludi Wolfi","og_description":"LUDI WOLFI association de Wolfisheim pour la pratique des jeux sur tous supports (jeux de soci\u00e9t\u00e9, jeux vid\u00e9os, cartes ..)","og_url":"https:\/\/www.ludiwolfi.com\/?page_id=259","og_site_name":"Ludi Wolfi","article_publisher":"https:\/\/www.facebook.com\/profile.php?id=100072170828127","article_modified_time":"2024-02-28T07:04:45+00:00","og_image":[{"url":"https:\/\/www.ludiwolfi.com\/wp-content\/uploads\/2021\/10\/telechargement.png","type":"","width":"","height":""}],"twitter_card":"summary_large_image","twitter_misc":{"Dur\u00e9e de lecture estim\u00e9e":"1 minute"},"schema":{"@context":"https:\/\/schema.org","@graph":[{"@type":"WebPage","@id":"https:\/\/www.ludiwolfi.com\/?page_id=259","url":"https:\/\/www.ludiwolfi.com\/?page_id=259","name":"Partenariats et remerciements - Ludi Wolfi","isPartOf":{"@id":"https:\/\/www.ludiwolfi.com\/#website"},"primaryImageOfPage":{"@id":"https:\/\/www.ludiwolfi.com\/?page_id=259#primaryimage"},"image":{"@id":"https:\/\/www.ludiwolfi.com\/?page_id=259#primaryimage"},"thumbnailUrl":"https:\/\/www.ludiwolfi.com\/wp-content\/uploads\/2021\/10\/telechargement.png","datePublished":"2021-10-28T07:34:03+00:00","dateModified":"2024-02-28T07:04:45+00:00","description":"LUDI WOLFI association de Wolfisheim pour la pratique des jeux sur tous supports (jeux de soci\u00e9t\u00e9, jeux vid\u00e9os, cartes ..)","breadcrumb":{"@id":"https:\/\/www.ludiwolfi.com\/?page_id=259#breadcrumb"},"inLanguage":"fr-FR","potentialAction":[{"@type":"ReadAction","target":["https:\/\/www.ludiwolfi.com\/?page_id=259"]}]},{"@type":"ImageObject","inLanguage":"fr-FR","@id":"https:\/\/www.ludiwolfi.com\/?page_id=259#primaryimage","url":"https:\/\/www.ludiwolfi.com\/wp-content\/uploads\/2021\/10\/telechargement.png","contentUrl":"https:\/\/www.ludiwolfi.com\/wp-content\/uploads\/2021\/10\/telechargement.png","width":200,"height":200},{"@type":"BreadcrumbList","@id":"https:\/\/www.ludiwolfi.com\/?page_id=259#breadcrumb","itemListElement":[{"@type":"ListItem","position":1,"name":"Accueil","item":"https:\/\/www.ludiwolfi.com\/"},{"@type":"ListItem","position":2,"name":"Partenariats et remerciements"}]},{"@type":"WebSite","@id":"https:\/\/www.ludiwolfi.com\/#website","url":"https:\/\/www.ludiwolfi.com\/","name":"Ludi Wolfi","description":"L&#039;association culturelle de WOLFSIHEIM","publisher":{"@id":"https:\/\/www.ludiwolfi.com\/#organization"},"potentialAction":[{"@type":"SearchAction","target":{"@type":"EntryPoint","urlTemplate":"https:\/\/www.ludiwolfi.com\/?s={search_term_string}"},"query-input":{"@type":"PropertyValueSpecification","valueRequired":true,"valueName":"search_term_string"}}],"inLanguage":"fr-FR"},{"@type":"Organization","@id":"https:\/\/www.ludiwolfi.com\/#organization","name":"LUDI WOLFI","url":"https:\/\/www.ludiwolfi.com\/","logo":{"@type":"ImageObject","inLanguage":"fr-FR","@id":"https:\/\/www.ludiwolfi.com\/#\/schema\/logo\/image\/","url":"http:\/\/www.ludiwolfi.com\/wp-content\/uploads\/2021\/09\/cropped-thumbnail_01.jpg","contentUrl":"http:\/\/www.ludiwolfi.com\/wp-content\/uploads\/2021\/09\/cropped-thumbnail_01.jpg","width":512,"height":512,"caption":"LUDI WOLFI"},"image":{"@id":"https:\/\/www.ludiwolfi.com\/#\/schema\/logo\/image\/"},"sameAs":["https:\/\/www.facebook.com\/profile.php?id=100072170828127"]}]}},"_links":{"self":[{"href":"https:\/\/www.ludiwolfi.com\/index.php?rest_route=\/wp\/v2\/pages\/259","targetHints":{"allow":["GET"]}}],"collection":[{"href":"https:\/\/www.ludiwolfi.com\/index.php?rest_route=\/wp\/v2\/pages"}],"about":[{"href":"https:\/\/www.ludiwolfi.com\/index.php?rest_route=\/wp\/v2\/types\/page"}],"author":[{"embeddable":true,"href":"https:\/\/www.ludiwolfi.com\/index.php?rest_route=\/wp\/v2\/users\/1"}],"replies":[{"embeddable":true,"href":"https:\/\/www.ludiwolfi.com\/index.php?rest_route=%2Fwp%2Fv2%2Fcomments&post=259"}],"version-history":[{"count":3,"href":"https:\/\/www.ludiwolfi.com\/index.php?rest_route=\/wp\/v2\/pages\/259\/revisions"}],"predecessor-version":[{"id":679,"href":"https:\/\/www.ludiwolfi.com\/index.php?rest_route=\/wp\/v2\/pages\/259\/revisions\/679"}],"wp:attachment":[{"href":"https:\/\/www.ludiwolfi.com\/index.php?rest_route=%2Fwp%2Fv2%2Fmedia&parent=259"}],"curies":[{"name":"wp","href":"https:\/\/api.w.org\/{rel}","templated":true}]}}