{"id":107,"date":"2021-09-28T14:40:42","date_gmt":"2021-09-28T12:40:42","guid":{"rendered":"http:\/\/www.ludiwolfi.com\/?page_id=107"},"modified":"2021-09-28T14:40:42","modified_gmt":"2021-09-28T12:40:42","slug":"password-reset","status":"publish","type":"page","link":"https:\/\/www.ludiwolfi.com\/?page_id=107","title":{"rendered":"R\u00e9initialisation du mot de passe"},"content":{"rendered":"<div class=\"um um-password um-um_password_id\">\n\t<div class=\"um-form\">\n\t\t<form method=\"post\" action=\"\">\n\t\t\t\n\t\t\t\t<input type=\"hidden\" name=\"_um_password_reset\" id=\"_um_password_reset\" value=\"1\" \/>\n\n\t\t\t\t\t\t\t\t\t<div class=\"um-field um-field-block um-field-type_block\">\n\t\t\t\t\t\t<div class=\"um-field-block\">\n\t\t\t\t\t\t\t<div style=\"text-align:center;\">\n\t\t\t\t\t\t\t\tPour r\u00e9initialiser votre mot de passe, veuillez saisir votre adresse de messagerie ou votre identifiant ci-dessous.\t\t\t\t\t\t\t<\/div>\n\t\t\t\t\t\t<\/div>\n\t\t\t\t\t<\/div>\n\t\t\t\t\t<div  id=\"um_field_0_username_b\" class=\"um-field um-field-text  um-field-username_b um-field-text um-field-type_text\" data-key=\"username_b\"><div class=\"um-field-area\"><input  autocomplete=\"off\" class=\"um-form-field valid \" type=\"text\" name=\"username_b\" id=\"username_b\" value=\"\" placeholder=\"Saisissez votre identifiant ou votre e-mail\" data-validate=\"\" data-key=\"username_b\"  aria-invalid=\"false\" \/>\n\n\t\t\t\t\t\t<\/div><\/div>\t\t\t\t<div class=\"um-col-alt um-col-alt-b\">\n\t\t\t\t\t<div class=\"um-center\">\n\t\t\t\t\t\t<input type=\"submit\" value=\"R\u00e9initialiser le mot de passe\" class=\"um-button\" id=\"um-submit-btn\" \/>\n\t\t\t\t\t<\/div>\n\t\t\t\t\t<div class=\"um-clear\"><\/div>\n\t\t\t\t<\/div>\n\t\t\t\t\t<input type=\"hidden\" name=\"form_id\" id=\"form_id_um_password_id\" value=\"um_password_id\" \/>\n\t\t<p class=\"um_request_name\">\n\t\t<label for=\"um_request_um_password_id\">Only fill in if you are not human<\/label>\n\t\t<input type=\"hidden\" name=\"um_request\" id=\"um_request_um_password_id\" class=\"input\" value=\"\" size=\"25\" autocomplete=\"off\" \/>\n\t<\/p>\n\t\t\t<\/form>\n\t<\/div>\n<\/div>\n<style>\n\t\t\t.um-um_password_id.um {\n\t\t\tmax-width: 450px;\n\t\t}\n\t\t<\/style>\n\n<div class=\"pvc_clear\"><\/div>\n<p id=\"pvc_stats_107\" class=\"pvc_stats all  \" data-element-id=\"107\" style=\"\"><i class=\"pvc-stats-icon medium\" aria-hidden=\"true\"><svg aria-hidden=\"true\" focusable=\"false\" data-prefix=\"far\" data-icon=\"chart-bar\" role=\"img\" xmlns=\"http:\/\/www.w3.org\/2000\/svg\" viewBox=\"0 0 512 512\" class=\"svg-inline--fa fa-chart-bar fa-w-16 fa-2x\"><path fill=\"currentColor\" d=\"M396.8 352h22.4c6.4 0 12.8-6.4 12.8-12.8V108.8c0-6.4-6.4-12.8-12.8-12.8h-22.4c-6.4 0-12.8 6.4-12.8 12.8v230.4c0 6.4 6.4 12.8 12.8 12.8zm-192 0h22.4c6.4 0 12.8-6.4 12.8-12.8V140.8c0-6.4-6.4-12.8-12.8-12.8h-22.4c-6.4 0-12.8 6.4-12.8 12.8v198.4c0 6.4 6.4 12.8 12.8 12.8zm96 0h22.4c6.4 0 12.8-6.4 12.8-12.8V204.8c0-6.4-6.4-12.8-12.8-12.8h-22.4c-6.4 0-12.8 6.4-12.8 12.8v134.4c0 6.4 6.4 12.8 12.8 12.8zM496 400H48V80c0-8.84-7.16-16-16-16H16C7.16 64 0 71.16 0 80v336c0 17.67 14.33 32 32 32h464c8.84 0 16-7.16 16-16v-16c0-8.84-7.16-16-16-16zm-387.2-48h22.4c6.4 0 12.8-6.4 12.8-12.8v-70.4c0-6.4-6.4-12.8-12.8-12.8h-22.4c-6.4 0-12.8 6.4-12.8 12.8v70.4c0 6.4 6.4 12.8 12.8 12.8z\" class=\"\"><\/path><\/svg><\/i> <img loading=\"lazy\" decoding=\"async\" width=\"16\" height=\"16\" alt=\"Loading\" src=\"https:\/\/www.ludiwolfi.com\/wp-content\/plugins\/page-views-count\/ajax-loader-2x.gif\" border=0 \/><\/p>\n<div class=\"pvc_clear\"><\/div>\n","protected":false},"excerpt":{"rendered":"<div class=\"pvc_clear\"><\/div>\n<p id=\"pvc_stats_107\" class=\"pvc_stats all  \" data-element-id=\"107\" style=\"\"><i class=\"pvc-stats-icon medium\" aria-hidden=\"true\"><svg aria-hidden=\"true\" focusable=\"false\" data-prefix=\"far\" data-icon=\"chart-bar\" role=\"img\" xmlns=\"http:\/\/www.w3.org\/2000\/svg\" viewBox=\"0 0 512 512\" class=\"svg-inline--fa fa-chart-bar fa-w-16 fa-2x\"><path fill=\"currentColor\" d=\"M396.8 352h22.4c6.4 0 12.8-6.4 12.8-12.8V108.8c0-6.4-6.4-12.8-12.8-12.8h-22.4c-6.4 0-12.8 6.4-12.8 12.8v230.4c0 6.4 6.4 12.8 12.8 12.8zm-192 0h22.4c6.4 0 12.8-6.4 12.8-12.8V140.8c0-6.4-6.4-12.8-12.8-12.8h-22.4c-6.4 0-12.8 6.4-12.8 12.8v198.4c0 6.4 6.4 12.8 12.8 12.8zm96 0h22.4c6.4 0 12.8-6.4 12.8-12.8V204.8c0-6.4-6.4-12.8-12.8-12.8h-22.4c-6.4 0-12.8 6.4-12.8 12.8v134.4c0 6.4 6.4 12.8 12.8 12.8zM496 400H48V80c0-8.84-7.16-16-16-16H16C7.16 64 0 71.16 0 80v336c0 17.67 14.33 32 32 32h464c8.84 0 16-7.16 16-16v-16c0-8.84-7.16-16-16-16zm-387.2-48h22.4c6.4 0 12.8-6.4 12.8-12.8v-70.4c0-6.4-6.4-12.8-12.8-12.8h-22.4c-6.4 0-12.8 6.4-12.8 12.8v70.4c0 6.4 6.4 12.8 12.8 12.8z\" class=\"\"><\/path><\/svg><\/i> <img loading=\"lazy\" decoding=\"async\" width=\"16\" height=\"16\" alt=\"Loading\" src=\"https:\/\/www.ludiwolfi.com\/wp-content\/plugins\/page-views-count\/ajax-loader-2x.gif\" border=0 \/><\/p>\n<div class=\"pvc_clear\"><\/div>\n","protected":false},"author":1,"featured_media":0,"parent":0,"menu_order":0,"comment_status":"closed","ping_status":"closed","template":"","meta":{"footnotes":""},"class_list":["post-107","page","type-page","status-publish","hentry"],"a3_pvc":{"activated":true,"total_views":679,"today_views":0},"yoast_head":"<!-- This site is optimized with the Yoast SEO plugin v27.4 - https:\/\/yoast.com\/product\/yoast-seo-wordpress\/ -->\n<title>R\u00e9initialisation du mot de passe - Ludi Wolfi<\/title>\n<meta name=\"description\" content=\"LUDI WOLFI association de Wolfisheim pour la pratique des jeux sur tous supports (jeux de soci\u00e9t\u00e9, jeux vid\u00e9os, cartes ..)\" \/>\n<meta name=\"robots\" content=\"index, follow, max-snippet:-1, max-image-preview:large, max-video-preview:-1\" \/>\n<link rel=\"canonical\" href=\"https:\/\/www.ludiwolfi.com\/?page_id=107\" \/>\n<meta property=\"og:locale\" content=\"fr_FR\" \/>\n<meta property=\"og:type\" content=\"article\" \/>\n<meta property=\"og:title\" content=\"R\u00e9initialisation du mot de passe - Ludi Wolfi\" \/>\n<meta property=\"og:description\" content=\"LUDI WOLFI association de Wolfisheim pour la pratique des jeux sur tous supports (jeux de soci\u00e9t\u00e9, jeux vid\u00e9os, cartes ..)\" \/>\n<meta property=\"og:url\" content=\"https:\/\/www.ludiwolfi.com\/?page_id=107\" \/>\n<meta property=\"og:site_name\" content=\"Ludi Wolfi\" \/>\n<meta property=\"article:publisher\" content=\"https:\/\/www.facebook.com\/profile.php?id=100072170828127\" \/>\n<meta name=\"twitter:card\" content=\"summary_large_image\" \/>\n<script type=\"application\/ld+json\" class=\"yoast-schema-graph\">{\"@context\":\"https:\\\/\\\/schema.org\",\"@graph\":[{\"@type\":\"WebPage\",\"@id\":\"https:\\\/\\\/www.ludiwolfi.com\\\/?page_id=107\",\"url\":\"https:\\\/\\\/www.ludiwolfi.com\\\/?page_id=107\",\"name\":\"R\u00e9initialisation du mot de passe - Ludi Wolfi\",\"isPartOf\":{\"@id\":\"https:\\\/\\\/www.ludiwolfi.com\\\/#website\"},\"datePublished\":\"2021-09-28T12:40:42+00:00\",\"description\":\"LUDI WOLFI association de Wolfisheim pour la pratique des jeux sur tous supports (jeux de soci\u00e9t\u00e9, jeux vid\u00e9os, cartes ..)\",\"breadcrumb\":{\"@id\":\"https:\\\/\\\/www.ludiwolfi.com\\\/?page_id=107#breadcrumb\"},\"inLanguage\":\"fr-FR\",\"potentialAction\":[{\"@type\":\"ReadAction\",\"target\":[\"https:\\\/\\\/www.ludiwolfi.com\\\/?page_id=107\"]}]},{\"@type\":\"BreadcrumbList\",\"@id\":\"https:\\\/\\\/www.ludiwolfi.com\\\/?page_id=107#breadcrumb\",\"itemListElement\":[{\"@type\":\"ListItem\",\"position\":1,\"name\":\"Accueil\",\"item\":\"https:\\\/\\\/www.ludiwolfi.com\\\/\"},{\"@type\":\"ListItem\",\"position\":2,\"name\":\"R\u00e9initialisation du mot de passe\"}]},{\"@type\":\"WebSite\",\"@id\":\"https:\\\/\\\/www.ludiwolfi.com\\\/#website\",\"url\":\"https:\\\/\\\/www.ludiwolfi.com\\\/\",\"name\":\"Ludi Wolfi\",\"description\":\"L&#039;association culturelle de WOLFSIHEIM\",\"publisher\":{\"@id\":\"https:\\\/\\\/www.ludiwolfi.com\\\/#organization\"},\"potentialAction\":[{\"@type\":\"SearchAction\",\"target\":{\"@type\":\"EntryPoint\",\"urlTemplate\":\"https:\\\/\\\/www.ludiwolfi.com\\\/?s={search_term_string}\"},\"query-input\":{\"@type\":\"PropertyValueSpecification\",\"valueRequired\":true,\"valueName\":\"search_term_string\"}}],\"inLanguage\":\"fr-FR\"},{\"@type\":\"Organization\",\"@id\":\"https:\\\/\\\/www.ludiwolfi.com\\\/#organization\",\"name\":\"LUDI WOLFI\",\"url\":\"https:\\\/\\\/www.ludiwolfi.com\\\/\",\"logo\":{\"@type\":\"ImageObject\",\"inLanguage\":\"fr-FR\",\"@id\":\"https:\\\/\\\/www.ludiwolfi.com\\\/#\\\/schema\\\/logo\\\/image\\\/\",\"url\":\"http:\\\/\\\/www.ludiwolfi.com\\\/wp-content\\\/uploads\\\/2021\\\/09\\\/cropped-thumbnail_01.jpg\",\"contentUrl\":\"http:\\\/\\\/www.ludiwolfi.com\\\/wp-content\\\/uploads\\\/2021\\\/09\\\/cropped-thumbnail_01.jpg\",\"width\":512,\"height\":512,\"caption\":\"LUDI WOLFI\"},\"image\":{\"@id\":\"https:\\\/\\\/www.ludiwolfi.com\\\/#\\\/schema\\\/logo\\\/image\\\/\"},\"sameAs\":[\"https:\\\/\\\/www.facebook.com\\\/profile.php?id=100072170828127\"]}]}<\/script>\n<!-- \/ Yoast SEO plugin. -->","yoast_head_json":{"title":"R\u00e9initialisation du mot de passe - Ludi Wolfi","description":"LUDI WOLFI association de Wolfisheim pour la pratique des jeux sur tous supports (jeux de soci\u00e9t\u00e9, jeux vid\u00e9os, cartes ..)","robots":{"index":"index","follow":"follow","max-snippet":"max-snippet:-1","max-image-preview":"max-image-preview:large","max-video-preview":"max-video-preview:-1"},"canonical":"https:\/\/www.ludiwolfi.com\/?page_id=107","og_locale":"fr_FR","og_type":"article","og_title":"R\u00e9initialisation du mot de passe - Ludi Wolfi","og_description":"LUDI WOLFI association de Wolfisheim pour la pratique des jeux sur tous supports (jeux de soci\u00e9t\u00e9, jeux vid\u00e9os, cartes ..)","og_url":"https:\/\/www.ludiwolfi.com\/?page_id=107","og_site_name":"Ludi Wolfi","article_publisher":"https:\/\/www.facebook.com\/profile.php?id=100072170828127","twitter_card":"summary_large_image","schema":{"@context":"https:\/\/schema.org","@graph":[{"@type":"WebPage","@id":"https:\/\/www.ludiwolfi.com\/?page_id=107","url":"https:\/\/www.ludiwolfi.com\/?page_id=107","name":"R\u00e9initialisation du mot de passe - Ludi Wolfi","isPartOf":{"@id":"https:\/\/www.ludiwolfi.com\/#website"},"datePublished":"2021-09-28T12:40:42+00:00","description":"LUDI WOLFI association de Wolfisheim pour la pratique des jeux sur tous supports (jeux de soci\u00e9t\u00e9, jeux vid\u00e9os, cartes ..)","breadcrumb":{"@id":"https:\/\/www.ludiwolfi.com\/?page_id=107#breadcrumb"},"inLanguage":"fr-FR","potentialAction":[{"@type":"ReadAction","target":["https:\/\/www.ludiwolfi.com\/?page_id=107"]}]},{"@type":"BreadcrumbList","@id":"https:\/\/www.ludiwolfi.com\/?page_id=107#breadcrumb","itemListElement":[{"@type":"ListItem","position":1,"name":"Accueil","item":"https:\/\/www.ludiwolfi.com\/"},{"@type":"ListItem","position":2,"name":"R\u00e9initialisation du mot de passe"}]},{"@type":"WebSite","@id":"https:\/\/www.ludiwolfi.com\/#website","url":"https:\/\/www.ludiwolfi.com\/","name":"Ludi Wolfi","description":"L&#039;association culturelle de WOLFSIHEIM","publisher":{"@id":"https:\/\/www.ludiwolfi.com\/#organization"},"potentialAction":[{"@type":"SearchAction","target":{"@type":"EntryPoint","urlTemplate":"https:\/\/www.ludiwolfi.com\/?s={search_term_string}"},"query-input":{"@type":"PropertyValueSpecification","valueRequired":true,"valueName":"search_term_string"}}],"inLanguage":"fr-FR"},{"@type":"Organization","@id":"https:\/\/www.ludiwolfi.com\/#organization","name":"LUDI WOLFI","url":"https:\/\/www.ludiwolfi.com\/","logo":{"@type":"ImageObject","inLanguage":"fr-FR","@id":"https:\/\/www.ludiwolfi.com\/#\/schema\/logo\/image\/","url":"http:\/\/www.ludiwolfi.com\/wp-content\/uploads\/2021\/09\/cropped-thumbnail_01.jpg","contentUrl":"http:\/\/www.ludiwolfi.com\/wp-content\/uploads\/2021\/09\/cropped-thumbnail_01.jpg","width":512,"height":512,"caption":"LUDI WOLFI"},"image":{"@id":"https:\/\/www.ludiwolfi.com\/#\/schema\/logo\/image\/"},"sameAs":["https:\/\/www.facebook.com\/profile.php?id=100072170828127"]}]}},"_links":{"self":[{"href":"https:\/\/www.ludiwolfi.com\/index.php?rest_route=\/wp\/v2\/pages\/107","targetHints":{"allow":["GET"]}}],"collection":[{"href":"https:\/\/www.ludiwolfi.com\/index.php?rest_route=\/wp\/v2\/pages"}],"about":[{"href":"https:\/\/www.ludiwolfi.com\/index.php?rest_route=\/wp\/v2\/types\/page"}],"author":[{"embeddable":true,"href":"https:\/\/www.ludiwolfi.com\/index.php?rest_route=\/wp\/v2\/users\/1"}],"replies":[{"embeddable":true,"href":"https:\/\/www.ludiwolfi.com\/index.php?rest_route=%2Fwp%2Fv2%2Fcomments&post=107"}],"version-history":[{"count":0,"href":"https:\/\/www.ludiwolfi.com\/index.php?rest_route=\/wp\/v2\/pages\/107\/revisions"}],"wp:attachment":[{"href":"https:\/\/www.ludiwolfi.com\/index.php?rest_route=%2Fwp%2Fv2%2Fmedia&parent=107"}],"curies":[{"name":"wp","href":"https:\/\/api.w.org\/{rel}","templated":true}]}}